{"id":1280,"date":"2023-11-06T09:41:26","date_gmt":"2023-11-06T08:41:26","guid":{"rendered":"https:\/\/moutoncadet.clairemugnier.fr\/faq\/"},"modified":"2024-01-16T18:44:51","modified_gmt":"2024-01-16T17:44:51","slug":"faq","status":"publish","type":"page","link":"https:\/\/moutoncadet.clairemugnier.fr\/en\/faq\/","title":{"rendered":"FAQ"},"content":{"rendered":"    <link rel=\"preload\" href=\"https:\/\/moutoncadet.clairemugnier.fr\/wp-content\/themes\/moutoncadet\/assets\/img\/volute-hero-title-mobile-complete.svg\" as=\"image\" fetchpriority=\"high\">\n    <link rel=\"preload\" href=\"https:\/\/moutoncadet.clairemugnier.fr\/wp-content\/themes\/moutoncadet\/assets\/img\/volute-hero.svg\" as=\"image\" fetchpriority=\"high\">\n    <div class=\"gutenberg-hero-title  black\" id=\"gutenberg-hero-title\">\n\n    \n    <h1>FAQ<\/h1>\n\n\n\n            <p>Find all the answers to your questions.<\/p>\n        \n    <\/div>\n\n<div class=\"gutenberg-faq\">\n\n<div class=\"content\">\n                            <div class=\"item\">\n            <div class=\"question\">Which is the best wine in the Mouton Cadet Collection? <span class=\"arrow-round reverse\"><\/span> <\/div>\n            <div class=\"reponse\"><p>Mouton Cadet offers several collections of red, white and ros\u00e9 wines from the Bordeaux terroir. As tastes are personal, we suggest you find the Mouton Cadet wine which best suits you by using the URL COLLECTION search tool.<\/p>\n<\/div>\n        <\/div>\n                            <div class=\"item\">\n            <div class=\"question\">How long can I keep my Mouton Cadet wines? <span class=\"arrow-round reverse\"><\/span> <\/div>\n            <div class=\"reponse\"><p>To keep Mouton Cadet wines, we advise storing the bottles horizontally, on their side, away from light, at a constant temperature of 10-15\u00b0 C and relative humidity of 70-80%. Under these conditions, red wines may be kept:<br \/>\n&#8211; 3 years for organic reds,<br \/>\n&#8211; 5-7 years for unoaked reds,<br \/>\n&#8211; 7-10 years for oaked reds.<br \/>\nWe recommend drinking whites and ros\u00e9s in the year of purchase to make the most of their freshness.<\/p>\n<\/div>\n        <\/div>\n                            <div class=\"item\">\n            <div class=\"question\">What food can I pair with Mouton Cadet wines? <span class=\"arrow-round reverse\"><\/span> <\/div>\n            <div class=\"reponse\"><p>Go to the Wine &amp; Food Pairings page (URL link) to find the perfect pairing.<\/p>\n<\/div>\n        <\/div>\n                            <div class=\"item\">\n            <div class=\"question\">At what temperature should Mouton Cadet wines be served? <span class=\"arrow-round reverse\"><\/span> <\/div>\n            <div class=\"reponse\"><p>The ideal serving temperature is 15-17\u00b0 C for reds, 8-11\u00b0 C for whites and ros\u00e9s. We recommend serving certain red wines from our Collection slightly cool. You can find all our recommendations on the relevant wine pages.<\/p>\n<\/div>\n        <\/div>\n                            <div class=\"item\">\n            <div class=\"question\">Where can I buy Mouton Cadet? <span class=\"arrow-round reverse\"><\/span> <\/div>\n            <div class=\"reponse\"><p>Mouton Cadet wines are sold in supermarkets, at wine stores, in selected caf\u00e9s, hotels and restaurants and online.<\/p>\n<\/div>\n        <\/div>\n                            <div class=\"item\">\n            <div class=\"question\">You want to know more about Mouton Cadet&#8217;s commitments. <span class=\"arrow-round reverse\"><\/span> <\/div>\n            <div class=\"reponse\"><p>Go to the Our Commitments page (URL) to find out more.<\/p>\n<\/div>\n        <\/div>\n                            <div class=\"item\">\n            <div class=\"question\">Where does the name Mouton Cadet come from? <span class=\"arrow-round reverse\"><\/span> <\/div>\n            <div class=\"reponse\"><p>&#8220;Mouton&#8221; refers to the family estate at Pauillac, &#8220;Cadet&#8221; to Baron Philippe&#8217;s position in the family (cadet means younger son in French).<\/p>\n<\/div>\n        <\/div>\n                            <div class=\"item\">\n            <div class=\"question\">What is Mouton Cadet&#8217;s terroir? <span class=\"arrow-round reverse\"><\/span> <\/div>\n            <div class=\"reponse\"><p>Mouton Cadet is the result of blending the diversity of Bordeaux terroirs.<\/p>\n<\/div>\n        <\/div>\n                            <div class=\"item\">\n            <div class=\"question\">What grape varieties are used to make Mouton Cadet wines? <span class=\"arrow-round reverse\"><\/span> <\/div>\n            <div class=\"reponse\"><p>The main grape varieties for red wines are Merlot, Cabernet Sauvignon and Cabernet Franc. Each variety brings something different to the wine:<br \/>\nMerlot: body,<br \/>\nCabernet Sauvignon: elegance,<br \/>\nCabernet Franc: tannic structure.<br \/>\nThe main grape varieties for white wines are Sauvignon Blanc and Semillon. Sauvignon Blanc brings freshness, while Semillon is rounder.<\/p>\n<\/div>\n        <\/div>\n                            <div class=\"item\">\n            <div class=\"question\">Who makes Mouton Cadet wines? <span class=\"arrow-round reverse\"><\/span> <\/div>\n            <div class=\"reponse\"><p>Mouton Cadet wines are the result of close cooperation with a community of 150 winegrowers who tend over 1,500 hectares of vines. From pruning to vinification, they are supported on a daily basis by a team of 7 winemakers. To find out more, go to the Our Winegrowers page (URL).<\/p>\n<\/div>\n        <\/div>\n                            <div class=\"item\">\n            <div class=\"question\">I would like to distribute Mouton Cadet wines in another country. Who should I get in touch with? <span class=\"arrow-round reverse\"><\/span> <\/div>\n            <div class=\"reponse\"><p>Please make your request using our contact form in the Contact\/Trade request section. We will get back to you promptly.<\/p>\n<\/div>\n        <\/div>\n                            <div class=\"item\">\n            <div class=\"question\">How can I apply to join the Mouton Cadet team? <span class=\"arrow-round reverse\"><\/span> <\/div>\n            <div class=\"reponse\"><p>Go to the https:\/\/talent.bpdr.com\/ website, where you will find all our vacancies and an option for submitting an open application.<\/p>\n<\/div>\n        <\/div>\n        <\/div>\n<\/div>\n\n<script>\n    document.addEventListener(\"DOMContentLoaded\", function() {\n        \/\/ S\u00e9lectionnez tous les \u00e9l\u00e9ments de la classe \"question\"\n        var questions = document.querySelectorAll(\".question\");\n\n        \/\/ Parcourez chaque question et ajoutez un gestionnaire d'\u00e9v\u00e9nements\n        questions.forEach(function(question) {\n            question.addEventListener(\"click\", function() {\n                \/\/ S\u00e9lectionnez la r\u00e9ponse associ\u00e9e \u00e0 la question cliqu\u00e9e\n                var answer = question.nextElementSibling;\n\n                \/\/ Basculez la classe \"active\" pour appliquer l'effet d'apparition\/disparition\n                answer.classList.toggle(\"active\");\n                this.classList.toggle(\"active\");\n            });\n        });\n    });\n<\/script>","protected":false},"excerpt":{"rendered":"","protected":false},"author":1,"featured_media":0,"parent":0,"menu_order":0,"comment_status":"closed","ping_status":"closed","template":"","meta":{"footnotes":""},"class_list":["post-1280","page","type-page","status-publish","hentry"],"acf":[],"yoast_head":"<!-- This site is optimized with the Yoast SEO plugin v21.8.1 - https:\/\/yoast.com\/wordpress\/plugins\/seo\/ -->\n<title>Mouton Cadet<\/title>\n<meta name=\"robots\" content=\"noindex, follow, max-snippet:-1, max-image-preview:large, max-video-preview:-1\" \/>\n<meta property=\"og:locale\" content=\"en_US\" \/>\n<meta property=\"og:type\" content=\"article\" \/>\n<meta property=\"og:title\" content=\"FAQ - Mouton Cadet\" \/>\n<meta property=\"og:url\" content=\"https:\/\/moutoncadet.clairemugnier.fr\/en\/faq\/\" \/>\n<meta property=\"og:site_name\" content=\"Mouton Cadet\" \/>\n<meta property=\"article:publisher\" content=\"https:\/\/www.facebook.com\/MoutonCadet\" \/>\n<meta property=\"article:modified_time\" content=\"2024-01-16T17:44:51+00:00\" \/>\n<meta name=\"twitter:card\" content=\"summary_large_image\" \/>\n<!-- \/ Yoast SEO plugin. -->","yoast_head_json":{"title":"Mouton Cadet","robots":{"index":"noindex","follow":"follow","max-snippet":"max-snippet:-1","max-image-preview":"max-image-preview:large","max-video-preview":"max-video-preview:-1"},"og_locale":"en_US","og_type":"article","og_title":"FAQ - Mouton Cadet","og_url":"https:\/\/moutoncadet.clairemugnier.fr\/en\/faq\/","og_site_name":"Mouton Cadet","article_publisher":"https:\/\/www.facebook.com\/MoutonCadet","article_modified_time":"2024-01-16T17:44:51+00:00","twitter_card":"summary_large_image","schema":{"@context":"https:\/\/schema.org","@graph":[{"@type":"WebPage","@id":"https:\/\/moutoncadet.clairemugnier.fr\/en\/faq\/","url":"https:\/\/moutoncadet.clairemugnier.fr\/en\/faq\/","name":"FAQ - Mouton Cadet","isPartOf":{"@id":"https:\/\/moutoncadet.clairemugnier.fr\/en\/#website"},"datePublished":"2023-11-06T08:41:26+00:00","dateModified":"2024-01-16T17:44:51+00:00","breadcrumb":{"@id":"https:\/\/moutoncadet.clairemugnier.fr\/en\/faq\/#breadcrumb"},"inLanguage":"en-US","potentialAction":[{"@type":"ReadAction","target":["https:\/\/moutoncadet.clairemugnier.fr\/en\/faq\/"]}]},{"@type":"BreadcrumbList","@id":"https:\/\/moutoncadet.clairemugnier.fr\/en\/faq\/#breadcrumb","itemListElement":[{"@type":"ListItem","position":1,"name":"Home","item":"https:\/\/moutoncadet.clairemugnier.fr\/en\/"},{"@type":"ListItem","position":2,"name":"FAQ"}]},{"@type":"WebSite","@id":"https:\/\/moutoncadet.clairemugnier.fr\/en\/#website","url":"https:\/\/moutoncadet.clairemugnier.fr\/en\/","name":"Mouton Cadet","description":"","publisher":{"@id":"https:\/\/moutoncadet.clairemugnier.fr\/en\/#organization"},"potentialAction":[{"@type":"SearchAction","target":{"@type":"EntryPoint","urlTemplate":"https:\/\/moutoncadet.clairemugnier.fr\/en\/?s={search_term_string}"},"query-input":"required name=search_term_string"}],"inLanguage":"en-US"},{"@type":"Organization","@id":"https:\/\/moutoncadet.clairemugnier.fr\/en\/#organization","name":"Mouton Cadet","url":"https:\/\/moutoncadet.clairemugnier.fr\/en\/","logo":{"@type":"ImageObject","inLanguage":"en-US","@id":"https:\/\/moutoncadet.clairemugnier.fr\/en\/#\/schema\/logo\/image\/","url":"https:\/\/www-preprod2022-moutoncadet-new.systonic.com\/wp-content\/uploads\/2024\/01\/logo-mouton-cadet.svg","contentUrl":"https:\/\/www-preprod2022-moutoncadet-new.systonic.com\/wp-content\/uploads\/2024\/01\/logo-mouton-cadet.svg","width":1,"height":1,"caption":"Mouton Cadet"},"image":{"@id":"https:\/\/moutoncadet.clairemugnier.fr\/en\/#\/schema\/logo\/image\/"},"sameAs":["https:\/\/www.facebook.com\/MoutonCadet","https:\/\/www.instagram.com\/moutoncadet_official"]}]}},"_links":{"self":[{"href":"https:\/\/moutoncadet.clairemugnier.fr\/en\/wp-json\/wp\/v2\/pages\/1280","targetHints":{"allow":["GET"]}}],"collection":[{"href":"https:\/\/moutoncadet.clairemugnier.fr\/en\/wp-json\/wp\/v2\/pages"}],"about":[{"href":"https:\/\/moutoncadet.clairemugnier.fr\/en\/wp-json\/wp\/v2\/types\/page"}],"author":[{"embeddable":true,"href":"https:\/\/moutoncadet.clairemugnier.fr\/en\/wp-json\/wp\/v2\/users\/1"}],"replies":[{"embeddable":true,"href":"https:\/\/moutoncadet.clairemugnier.fr\/en\/wp-json\/wp\/v2\/comments?post=1280"}],"version-history":[{"count":5,"href":"https:\/\/moutoncadet.clairemugnier.fr\/en\/wp-json\/wp\/v2\/pages\/1280\/revisions"}],"predecessor-version":[{"id":2519,"href":"https:\/\/moutoncadet.clairemugnier.fr\/en\/wp-json\/wp\/v2\/pages\/1280\/revisions\/2519"}],"wp:attachment":[{"href":"https:\/\/moutoncadet.clairemugnier.fr\/en\/wp-json\/wp\/v2\/media?parent=1280"}],"curies":[{"name":"wp","href":"https:\/\/api.w.org\/{rel}","templated":true}]}}