{"id":2507,"date":"2023-11-06T16:50:24","date_gmt":"2023-11-06T15:50:24","guid":{"rendered":"https:\/\/moutoncadet.clairemugnier.fr\/notre-histoire\/"},"modified":"2024-02-07T13:26:54","modified_gmt":"2024-02-07T12:26:54","slug":"notre-histoire","status":"publish","type":"page","link":"https:\/\/moutoncadet.clairemugnier.fr\/en\/notre-histoire\/","title":{"rendered":"Our story"},"content":{"rendered":"    <link rel=\"preload\" href=\"https:\/\/moutoncadet.clairemugnier.fr\/wp-content\/themes\/moutoncadet\/assets\/img\/volute-hero-title-mobile-complete.svg\" as=\"image\" fetchpriority=\"high\">\n    <link rel=\"preload\" href=\"https:\/\/moutoncadet.clairemugnier.fr\/wp-content\/themes\/moutoncadet\/assets\/img\/volute-hero.svg\" as=\"image\" fetchpriority=\"high\">\n    <div class=\"gutenberg-hero-title  black\" id=\"gutenberg-hero-title\">\n\n    \n    <h1>Our story<\/h1>\n\n\n\n            <p>Mouton Cadet is the distinctive story of a Bordeaux wine created and perpetuated by the Baron Philippe de Rothschild family.<\/p>\n                <link rel=\"preload\" href=\"https:\/\/moutoncadet.clairemugnier.fr\/wp-content\/uploads\/2023\/11\/couronne.svg\" as=\"image\" fetchpriority=\"high\">\n        <span class=\"bg\" style=\"background-image: url('https:\/\/moutoncadet.clairemugnier.fr\/wp-content\/uploads\/2023\/11\/couronne.svg')\"><\/span>\n    \n    <\/div>\n\n<div class=\"gutenberg-bg-text\">\n    \n    <div class=\"content\">\n        <h2 class=\"title h4\">From 1930 to the present day,<\/h2>\n        <p class=\"h5 \">the harmonious combination of knowledge, skill and innovation has made Mouton Cadet an iconic Bordeaux wine.<\/p>\n    <\/div>\n\n\n    \n    \n    <picture>\n        <source alt=\"From 1930 to the present day,\" width=\"3840\" height=\"1333\" srcset=\"https:\/\/moutoncadet.clairemugnier.fr\/wp-content\/uploads\/2023\/11\/histoire-mouton-cadet-1930.jpg\" media=\"(min-width: 768px)\"  loading=\"lazy\" >\n        <img decoding=\"async\" class=\"img\" src=\"https:\/\/moutoncadet.clairemugnier.fr\/wp-content\/uploads\/2023\/11\/histoire-mouton-cadet-1930-m.jpg\" alt=\"From 1930 to the present day,\" width=\"750\" height=\"1122\"  loading=\"lazy\" >\n    <\/picture>\n<\/div>\n\n\n<div class=\"gutenberg-title-text\" id=\"\">\n    <div class=\"content\">\n        <h2 class=\"h3 title\">Over 90 years of boldness and creativity<\/h2>\n        <p><p>Three generations of the Rothschild family, driven by the same enthusiasm and a passion for wine, have marked the history of Mouton Cadet with the same unchanging imperative: to always put quality first and get the best out of the Bordeaux vineyard.<\/p>\n<\/p>\n    <\/div>\n<\/div>\n\n\n<div class=\"gutenberg-image-full\">\n    <picture>\n        <source alt=\"Rothschild Family\"  width=\"3840\" height=\"2160\" srcset=\"https:\/\/moutoncadet.clairemugnier.fr\/wp-content\/uploads\/2023\/11\/famille-rothschild-1.jpg\" media=\"(min-width: 768px)\" loading=\"lazy\">\n        <img decoding=\"async\" src=\"https:\/\/moutoncadet.clairemugnier.fr\/wp-content\/uploads\/2023\/11\/famille-rothschild-1.jpg\" alt=\"Rothschild Family\" width=\"3840\" height=\"2160\" loading=\"lazy\">\n    <\/picture>\n<\/div>\n\n\n\n<div class=\"gutenberg-date\">\n        <div class=\"swiper-navigation\">\n        <div class=\"swiper-button-prev\"><\/div>\n        <div class=\"swiper-button-next\"><\/div>\n    <\/div>\n    <div class=\"content\">\n        <div class=\"swiper swiper-date\" data-swiper='{\"breakpoints\":{\"768\":{\"slidesPerView\":1, \"spaceBetween\":10}}}'>\n            <!-- If we need navigation buttons -->\n            <div class=\"swiper-wrapper\">\n                                                        <div class=\"swiper-slide swiperRepeat\" data-date=\"1930\">\n                        <div class=\"image\">\n                            <div class=\"sticky-contents\">\n                                <div class=\"container-photo\">\n                                    <img decoding=\"async\" class=\"bg\" src=\"https:\/\/moutoncadet.clairemugnier.fr\/wp-content\/uploads\/2023\/11\/baron-philippe-de-rothschild.jpg\" alt=\"Baron Philippe De Rothschild\"\n                                          width=\"1920\" height=\"1920\" loading=\"lazy\">\n                                    <img decoding=\"async\" class=\"img\" src=\"https:\/\/moutoncadet.clairemugnier.fr\/wp-content\/uploads\/2023\/11\/baron-philippe-de-rothschild-2.jpg\" alt=\"Baron Philippe de Rothschild\"\n                                          width=\"960\" height=\"960\" loading=\"lazy\">\n                                <\/div>\n\n                            <\/div>\n                        <\/div>\n\n                        <span class=\"date\">\n                           <span>1930<\/span>\n                        <\/span>\n\n                        <div class=\"content\">\n                            <h2>Baron Philippe de Rothschild<\/h2>\n                            <h3 class=\"sub-title\">A CREATIVE GENIUS &#038; FOUNDER OF THE BRAND<\/h3>\n                            <p>In 1930, at just 28 years old, Baron Philippe de Rothschild revolutionised the Bordeaux wine trade by creating his own branded wine. His free and pioneering spirit was reflected in a modern wine, sourced from different terroirs. He called it Mouton Cadet, a nod to his status as owner of Ch\u00e2teau Mouton Rothschild and as the younger son (<em>cadet<\/em> in French) of the family.<\/p>\n<p>In the 1950s, Baron Philippe de Rothschild got Mouton Cadet onto the wine lists of top restaurant-owners, who appreciated the wine for its constant quality. Its reputation soon spread beyond France with the launch of Mouton Cadet on the British market, then in the United States: a very French way of being international. For over sixty years, Baron Philippe de Rothschild played a key role both in the family saga and in promoting the image of Bordeaux abroad.<\/p>\n                        <\/div>\n                    <\/div>\n                                                        <div class=\"swiper-slide swiperRepeat\" data-date=\"1988\">\n                        <div class=\"image\">\n                            <div class=\"sticky-contents\">\n                                <div class=\"container-photo\">\n                                    <img decoding=\"async\" class=\"bg\" src=\"https:\/\/moutoncadet.clairemugnier.fr\/wp-content\/uploads\/2023\/11\/baronne-philippine-de-rothschild.jpg\" alt=\"Baronne Philippine de Rothschild\"\n                                          width=\"1920\" height=\"1920\" loading=\"lazy\">\n                                    <img decoding=\"async\" class=\"img\" src=\"https:\/\/moutoncadet.clairemugnier.fr\/wp-content\/uploads\/2023\/11\/baronne-philippine-de-rothschild-2.jpg\" alt=\"Baroness Philippine de Rothschild\"\n                                          width=\"960\" height=\"960\" loading=\"lazy\">\n                                <\/div>\n\n                            <\/div>\n                        <\/div>\n\n                        <span class=\"date\">\n                           <span>1988<\/span>\n                        <\/span>\n\n                        <div class=\"content\">\n                            <h2>Baroness Philippine de Rothschild<\/h2>\n                            <h3 class=\"sub-title\">A CHARISMATIC PERFECTIONIST<\/h3>\n                            <p>Baroness Philippine de Rothschild succeeded her father in 1988 and soon proved herself a formidable ambassador for Mouton Cadet and Bordeaux wines in general. Deeply cultured and a gifted story-teller, her charisma and energy worked wonders. As a warm-hearted and distinguished embodiment of the French art of living she was feted all over the world, just as she loved welcoming prominent people of all nationalities to her estates. Like her father before her, she devoted her enthusiasm to raising branded wine to new international heights.<\/p>\n<p>Her other character traits included curiosity, constant questioning and the pursuit of perfection.<\/p>\n<p>In 1993, she inaugurated the Mouton Cadet Winery at Saint-Laurent-M\u00e9doc, a modern, cutting-edge facility to keep pace with rising sales. She also created the Mouton Cadet R\u00e9serve range and added a white and a ros\u00e9 to the Mouton Cadet range.<\/p>\n<p>In 2004, she came up with an idea for a new logo: the stylish \u201cBarbacchus\u201d, a play on the words <em>barbe<\/em> (French for beard) and Bacchus. Having started life as a pencil sketch combining a ram\u2019s head with a cluster of grapes, it has become the new Mouton Cadet identity.<\/p>\n                        <\/div>\n                    <\/div>\n                                                        <div class=\"swiper-slide swiperRepeat\" data-date=\"2014\">\n                        <div class=\"image\">\n                            <div class=\"sticky-contents\">\n                                <div class=\"container-photo\">\n                                    <img decoding=\"async\" class=\"bg\" src=\"https:\/\/moutoncadet.clairemugnier.fr\/wp-content\/uploads\/2023\/11\/philippe-sereys-de-rothschild-2.jpg\" alt=\"Philippe Sereys de Rothschild\"\n                                          width=\"960\" height=\"960\" loading=\"lazy\">\n                                    <img decoding=\"async\" class=\"img\" src=\"https:\/\/moutoncadet.clairemugnier.fr\/wp-content\/uploads\/2023\/11\/philippe-sereys-de-rothschild-2.jpg\" alt=\"Philippe Sereys de Rothschild\"\n                                          width=\"960\" height=\"960\" loading=\"lazy\">\n                                <\/div>\n\n                            <\/div>\n                        <\/div>\n\n                        <span class=\"date\">\n                           <span>2014<\/span>\n                        <\/span>\n\n                        <div class=\"content\">\n                            <h2>Philippe Sereys de Rothschild<\/h2>\n                            <h3 class=\"sub-title\">LOOKING TO THE FUTURE<\/h3>\n                            <p>Philippe Sereys de Rothschild succeeded his mother, Baroness Philippine, as head of the family company in September 2014. With his sister Camille Sereys de Rothschild and his brother Julien de Beaumarchais de Rothschild, he is guiding Mouton Cadet into a new era.While preserving its leading position on the market, the aims are to go further in practices that respect the environment and people, to forge closer links with the winegrowing community, and to refine the taste profile of the different wines in the Collections so as to foster a sense of togetherness among younger people.<\/p>\n<p>The enthusiasm never fades, creativity is constantly encouraged. Even beyond the family circle, successive generations describe themselves as \u201cpassers-on\u201d, driven by a need to pass on their story, their know-how, a whole art of living \u2013 in a nutshell, a Bordeaux wine culture.<\/p>\n                        <\/div>\n                    <\/div>\n                            <\/div>\n\n        <\/div>\n            <\/div>\n    <div class=\"desktop-feuille\">\n        <div class=\"sticky-contents\">\n            <div id=\"dateFeuille\">1930<\/div>\n        <\/div>\n    <\/div>\n<\/div>\n\n<script>\n    const divDate = document.getElementById('dateFeuille');\n    \/\/ Fonction pour afficher la position de la div au scroll\n    function handleScroll() {\n        const maDiv = document.getElementById('dateFeuille');\n        const divRect = maDiv.getBoundingClientRect();\n        const div1List = document.querySelectorAll('.swiperRepeat');\n        div1List.forEach((div1, index) => {\n            const divRect2 = div1.getBoundingClientRect();\n            let date = div1.getAttribute('data-date');\n            if((divRect.top + 100 > divRect2.top)&&(divRect.bottom - 100 < divRect2.bottom)) {\n                \/\/console.log(date);\n                maDiv.innerHTML = \"\";\n                maDiv.appendChild(document.createTextNode(date));\n            }\n        });\n    }\n    \/\/ Attache l'\u00e9v\u00e9nement de scroll pour appeler handleScroll\n    window.addEventListener('scroll', handleScroll);\n    \/\/ Appelle la fonction initiale pour afficher la position au chargement de la page\n    handleScroll();\n\n<\/script>\n\n<div class=\"gutenberg-key\">\n<h2 class=\"h4\">Mouton Cadet in facts & figures<\/h2>\n<div class=\"content\">\n                            <div class=\"item\">\n            <span class=\"img\"><img decoding=\"async\" src=\"https:\/\/moutoncadet.clairemugnier.fr\/wp-content\/uploads\/2023\/11\/Secateur.svg\" alt=\"pictogram WINEGROWERS\"\n                                   width=\"95\" height=\"95\" loading=\"lazy\"><\/span>\n            <span class=\"number\">150<\/span>\n            <span class=\"label\">WINEGROWERS<\/span>\n            <span class=\"description\"><\/span>\n        <\/div>\n                            <div class=\"item\">\n            <span class=\"img\"><img decoding=\"async\" src=\"https:\/\/moutoncadet.clairemugnier.fr\/wp-content\/uploads\/2023\/11\/Grappe.svg\" alt=\"pictogram HECTARES of vines\"\n                                   width=\"95\" height=\"95\" loading=\"lazy\"><\/span>\n            <span class=\"number\">1,500<\/span>\n            <span class=\"label\">HECTARES<\/span>\n            <span class=\"description\">of vines<\/span>\n        <\/div>\n                            <div class=\"item\">\n            <span class=\"img\"><img decoding=\"async\" src=\"https:\/\/moutoncadet.clairemugnier.fr\/wp-content\/uploads\/2023\/11\/Verre-vin.svg\" alt=\"pictogram COLLECTIONS\"\n                                   width=\"95\" height=\"95\" loading=\"lazy\"><\/span>\n            <span class=\"number\">5<\/span>\n            <span class=\"label\">COLLECTIONS<\/span>\n            <span class=\"description\">spanning 10 Bordeaux appellations<\/span>\n        <\/div>\n                            <div class=\"item\">\n            <span class=\"img\"><img decoding=\"async\" src=\"https:\/\/moutoncadet.clairemugnier.fr\/wp-content\/uploads\/2023\/11\/Pictos.svg\" alt=\"picto countries\"\n                                   width=\"95\" height=\"95\" loading=\"lazy\"><\/span>\n            <span class=\"number\">100<\/span>\n            <span class=\"label\">COUNTRIES<\/span>\n            <span class=\"description\"><\/span>\n        <\/div>\n        <\/div>\n<\/div>\n\n<div class=\"gutenberg-text-img left  classic\" id=\"\">\n            <div class=\"images\">\n            <div class=\"sticky-contents\">\n            <div class=\"swiper swiper-text-img\" data-swiper='{ \"loop\":true,\"autoplay\":{\"delay\":2000}, \"speed\":800}'>\n                <!-- ,\"autoplay\":{\"delay\":2000}, \"speed\":800 -->\n                <div class=\"swiper-wrapper\">\n                                            <div class=\"swiper-slide\">\n                            <div class=\"content\">\n                                <picture>\n                                    <source class=\"bg\" srcset=\"https:\/\/moutoncadet.clairemugnier.fr\/wp-content\/uploads\/2024\/01\/Florence_Patrick-1-e1705341171231-1.jpg\" alt=\"\" width=\"1181\" height=\"1181\" media=\"(min-width: 768px)\" >\n                                    <img decoding=\"async\" class=\"bg\" src=\"https:\/\/moutoncadet.clairemugnier.fr\/wp-content\/uploads\/2024\/01\/Florence_Patrick-1-e1705341171231-1-750x750.jpg\" alt=\"\" width=\"375\" height=\"375\" loading=\"lazy\"\/>\n                                <\/picture>\n                                                                    <\/picture>\n                                                            <\/div>\n                        <\/div>\n                                    <\/div>\n                <div class=\"swiper-pagination\"><\/div>\n            <\/div>\n            <\/div>\n        <\/div>\n    \n            <div class=\"texts\">\n            <div class=\"swiper swiper-text-img \" >\n                <div class=\"swiper-wrapper\">\n                                                                                                                                        <div class=\"swiper-slide\">\n                            <h2>Tradition & innovation<\/h2>\n                                                        <p>Driven by technical and technological innovations, Mouton Cadet is constantly evolving, challenging itself and moving forward. This iconic Bordeaux wine is the outcome of collective know-how, from parcel selection to the pursuit of elegance and style.<br \/>\nNow more than ever, innovation must have a purpose. For Mouton Cadet, that purpose is the urgent desire to help solve environmental and social problems.<\/p>\n                                                            <a class=\"cta\" href=\"https:\/\/moutoncadet.clairemugnier.fr\/en\/nos-engagements\/\">FIND OUT ABOUT OUR COMMITMENTS<\/a>\n                                                    <\/div>\n                                    <\/div>\n\n                <!-- If we need navigation buttons -->\n                <div class=\"swiper-navigation\">\n                    <div class=\"swiper-button-prev\"><\/div>\n                    <div class=\"swiper-pagination\"><\/div>\n                    <div class=\"swiper-button-next\"><\/div>\n                <\/div>\n            <\/div>\n        <\/div>\n    <\/div>","protected":false},"excerpt":{"rendered":"","protected":false},"author":1,"featured_media":0,"parent":0,"menu_order":0,"comment_status":"closed","ping_status":"closed","template":"","meta":{"footnotes":""},"class_list":["post-2507","page","type-page","status-publish","hentry"],"acf":[],"yoast_head":"<!-- This site is optimized with the Yoast SEO plugin v21.8.1 - https:\/\/yoast.com\/wordpress\/plugins\/seo\/ -->\n<title>Mouton Cadet<\/title>\n<meta name=\"robots\" content=\"noindex, follow, max-snippet:-1, max-image-preview:large, max-video-preview:-1\" \/>\n<meta property=\"og:locale\" content=\"en_US\" \/>\n<meta property=\"og:type\" content=\"article\" \/>\n<meta property=\"og:title\" content=\"Our story - Mouton Cadet\" \/>\n<meta property=\"og:url\" content=\"https:\/\/moutoncadet.clairemugnier.fr\/en\/notre-histoire\/\" \/>\n<meta property=\"og:site_name\" content=\"Mouton Cadet\" \/>\n<meta property=\"article:publisher\" content=\"https:\/\/www.facebook.com\/MoutonCadet\" \/>\n<meta property=\"article:modified_time\" content=\"2024-02-07T12:26:54+00:00\" \/>\n<meta name=\"twitter:card\" content=\"summary_large_image\" \/>\n<!-- \/ Yoast SEO plugin. -->","yoast_head_json":{"title":"Mouton Cadet","robots":{"index":"noindex","follow":"follow","max-snippet":"max-snippet:-1","max-image-preview":"max-image-preview:large","max-video-preview":"max-video-preview:-1"},"og_locale":"en_US","og_type":"article","og_title":"Our story - Mouton Cadet","og_url":"https:\/\/moutoncadet.clairemugnier.fr\/en\/notre-histoire\/","og_site_name":"Mouton Cadet","article_publisher":"https:\/\/www.facebook.com\/MoutonCadet","article_modified_time":"2024-02-07T12:26:54+00:00","twitter_card":"summary_large_image","schema":{"@context":"https:\/\/schema.org","@graph":[{"@type":"WebPage","@id":"https:\/\/moutoncadet.clairemugnier.fr\/en\/notre-histoire\/","url":"https:\/\/moutoncadet.clairemugnier.fr\/en\/notre-histoire\/","name":"Our story - Mouton Cadet","isPartOf":{"@id":"https:\/\/moutoncadet.clairemugnier.fr\/en\/#website"},"datePublished":"2023-11-06T15:50:24+00:00","dateModified":"2024-02-07T12:26:54+00:00","breadcrumb":{"@id":"https:\/\/moutoncadet.clairemugnier.fr\/en\/notre-histoire\/#breadcrumb"},"inLanguage":"en-US","potentialAction":[{"@type":"ReadAction","target":["https:\/\/moutoncadet.clairemugnier.fr\/en\/notre-histoire\/"]}]},{"@type":"BreadcrumbList","@id":"https:\/\/moutoncadet.clairemugnier.fr\/en\/notre-histoire\/#breadcrumb","itemListElement":[{"@type":"ListItem","position":1,"name":"Home","item":"https:\/\/moutoncadet.clairemugnier.fr\/en\/"},{"@type":"ListItem","position":2,"name":"Our story"}]},{"@type":"WebSite","@id":"https:\/\/moutoncadet.clairemugnier.fr\/en\/#website","url":"https:\/\/moutoncadet.clairemugnier.fr\/en\/","name":"Mouton Cadet","description":"","publisher":{"@id":"https:\/\/moutoncadet.clairemugnier.fr\/en\/#organization"},"potentialAction":[{"@type":"SearchAction","target":{"@type":"EntryPoint","urlTemplate":"https:\/\/moutoncadet.clairemugnier.fr\/en\/?s={search_term_string}"},"query-input":"required name=search_term_string"}],"inLanguage":"en-US"},{"@type":"Organization","@id":"https:\/\/moutoncadet.clairemugnier.fr\/en\/#organization","name":"Mouton Cadet","url":"https:\/\/moutoncadet.clairemugnier.fr\/en\/","logo":{"@type":"ImageObject","inLanguage":"en-US","@id":"https:\/\/moutoncadet.clairemugnier.fr\/en\/#\/schema\/logo\/image\/","url":"https:\/\/www-preprod2022-moutoncadet-new.systonic.com\/wp-content\/uploads\/2024\/01\/logo-mouton-cadet.svg","contentUrl":"https:\/\/www-preprod2022-moutoncadet-new.systonic.com\/wp-content\/uploads\/2024\/01\/logo-mouton-cadet.svg","width":1,"height":1,"caption":"Mouton Cadet"},"image":{"@id":"https:\/\/moutoncadet.clairemugnier.fr\/en\/#\/schema\/logo\/image\/"},"sameAs":["https:\/\/www.facebook.com\/MoutonCadet","https:\/\/www.instagram.com\/moutoncadet_official"]}]}},"_links":{"self":[{"href":"https:\/\/moutoncadet.clairemugnier.fr\/en\/wp-json\/wp\/v2\/pages\/2507","targetHints":{"allow":["GET"]}}],"collection":[{"href":"https:\/\/moutoncadet.clairemugnier.fr\/en\/wp-json\/wp\/v2\/pages"}],"about":[{"href":"https:\/\/moutoncadet.clairemugnier.fr\/en\/wp-json\/wp\/v2\/types\/page"}],"author":[{"embeddable":true,"href":"https:\/\/moutoncadet.clairemugnier.fr\/en\/wp-json\/wp\/v2\/users\/1"}],"replies":[{"embeddable":true,"href":"https:\/\/moutoncadet.clairemugnier.fr\/en\/wp-json\/wp\/v2\/comments?post=2507"}],"version-history":[{"count":29,"href":"https:\/\/moutoncadet.clairemugnier.fr\/en\/wp-json\/wp\/v2\/pages\/2507\/revisions"}],"predecessor-version":[{"id":3417,"href":"https:\/\/moutoncadet.clairemugnier.fr\/en\/wp-json\/wp\/v2\/pages\/2507\/revisions\/3417"}],"wp:attachment":[{"href":"https:\/\/moutoncadet.clairemugnier.fr\/en\/wp-json\/wp\/v2\/media?parent=2507"}],"curies":[{"name":"wp","href":"https:\/\/api.w.org\/{rel}","templated":true}]}}