{"id":165,"date":"2023-11-06T09:41:10","date_gmt":"2023-11-06T08:41:10","guid":{"rendered":"https:\/\/moutoncadet.clairemugnier.fr\/?page_id=165"},"modified":"2024-01-31T16:52:09","modified_gmt":"2024-01-31T15:52:09","slug":"contact","status":"publish","type":"page","link":"https:\/\/moutoncadet.clairemugnier.fr\/fr\/contact\/","title":{"rendered":"Contact"},"content":{"rendered":"\n<div class=\"wpcf7 no-js\" id=\"wpcf7-f488-o1\" lang=\"fr-FR\" dir=\"ltr\">\n<div class=\"screen-reader-response\"><p role=\"status\" aria-live=\"polite\" aria-atomic=\"true\"><\/p> <ul><\/ul><\/div>\n<form action=\"\/fr\/wp-json\/wp\/v2\/pages\/165#wpcf7-f488-o1\" method=\"post\" class=\"wpcf7-form init\" aria-label=\"Formulaire de contact\" novalidate=\"novalidate\" data-status=\"init\">\n<div style=\"display: none;\">\n<input type=\"hidden\" name=\"_wpcf7\" value=\"488\" \/>\n<input type=\"hidden\" name=\"_wpcf7_version\" value=\"5.8.5\" \/>\n<input type=\"hidden\" name=\"_wpcf7_locale\" value=\"fr_FR\" \/>\n<input type=\"hidden\" name=\"_wpcf7_unit_tag\" value=\"wpcf7-f488-o1\" \/>\n<input type=\"hidden\" name=\"_wpcf7_container_post\" value=\"0\" \/>\n<input type=\"hidden\" name=\"_wpcf7_posted_data_hash\" value=\"\" \/>\n<\/div>\n<div class=\"group\">\n<label><span class=\"label\">Vous \u00eates<\/span>\n <\/label>\n    <span class=\"wpcf7-form-control-wrap\" data-name=\"radio-profile\"><span class=\"wpcf7-form-control wpcf7-radio\"><span class=\"wpcf7-list-item first\"><label><input type=\"radio\" name=\"radio-profile\" value=\"Particulier\" checked=\"checked\" \/><span class=\"wpcf7-list-item-label\">Particulier<\/span><\/label><\/span><span class=\"wpcf7-list-item last\"><label><input type=\"radio\" name=\"radio-profile\" value=\"Professionnel\" \/><span class=\"wpcf7-list-item-label\">Professionnel<\/span><\/label><\/span><\/span><\/span>\n<\/div>\n\n<div class=\"group group-2\">\n<div class=\"item-20\">\n<label><span class=\"label\">Civilit\u00e9*<\/span>\n    <span class=\"wpcf7-form-control-wrap\" data-name=\"menu-civility\"><select class=\"wpcf7-form-control wpcf7-select wpcf7-validates-as-required\" aria-required=\"true\" aria-invalid=\"false\" name=\"menu-civility\"><option value=\"M.\">M.<\/option><option value=\"Mme\">Mme<\/option><\/select><\/span> <\/label>\n<\/div>\n<div class=\"item-40\">\n<label><span class=\"label\">Nom*<\/span>\n<span class=\"wpcf7-form-control-wrap\" data-name=\"text-name\"><input size=\"40\" class=\"wpcf7-form-control wpcf7-text wpcf7-validates-as-required\" aria-required=\"true\" aria-invalid=\"false\" value=\"\" type=\"text\" name=\"text-name\" \/><\/span><\/label>\n<\/div>\n<div class=\"item-40\">\n<label><span class=\"label\">Pr\u00e9nom*<\/span>\n<span class=\"wpcf7-form-control-wrap\" data-name=\"text-name\"><input size=\"40\" class=\"wpcf7-form-control wpcf7-text wpcf7-validates-as-required\" aria-required=\"true\" aria-invalid=\"false\" value=\"\" type=\"text\" name=\"text-name\" \/><\/span><\/label>\n<\/div>\n<\/div>\n\n<div class=\"group\">\n<div class=\"item-60\">\n<label><span class=\"label\">Email*<\/span>\n    <span class=\"wpcf7-form-control-wrap\" data-name=\"your-email\"><input size=\"40\" class=\"wpcf7-form-control wpcf7-email wpcf7-validates-as-required wpcf7-text wpcf7-validates-as-email\" autocomplete=\"email\" aria-required=\"true\" aria-invalid=\"false\" value=\"\" type=\"email\" name=\"your-email\" \/><\/span> <\/label>\n<\/div>\n\n<div class=\"item-40\">\n<label><span class=\"label\">Votre pays*<\/span>\n    <span class=\"wpcf7-form-control-wrap\" data-name=\"menu-country\"><select class=\"wpcf7-form-control wpcf7-select wpcf7-validates-as-required\" id=\"selectCountry\" aria-required=\"true\" aria-invalid=\"false\" name=\"menu-country\"><option value=\"Andorre\">Andorre<\/option><option value=\"Emirats Arabes Unis\">Emirats Arabes Unis<\/option><option value=\"Afghanistan\">Afghanistan<\/option><option value=\"Antigua-et-barbuda\">Antigua-et-barbuda<\/option><option value=\"Anguilla\">Anguilla<\/option><option value=\"Albanie\">Albanie<\/option><option value=\"Arm\u00e9nie\">Arm\u00e9nie<\/option><option value=\"Antarctique\">Antarctique<\/option><option value=\"Argentine\">Argentine<\/option><option value=\"Samoa Am\u00e9ricaines\">Samoa Am\u00e9ricaines<\/option><option value=\"Autriche\">Autriche<\/option><option value=\"Australie\">Australie<\/option><option value=\"Aruba\">Aruba<\/option><option value=\"Aland, \u00celes\">Aland, \u00celes<\/option><option value=\"Azerba\u00efdjan\">Azerba\u00efdjan<\/option><option value=\"Bosnie-herz\u00e9govine\">Bosnie-herz\u00e9govine<\/option><option value=\"Barbade\">Barbade<\/option><option value=\"Bangladesh\">Bangladesh<\/option><option value=\"Belgique\">Belgique<\/option><option value=\"Bali\">Bali<\/option><option value=\"Bulgarie\">Bulgarie<\/option><option value=\"Bahre\u00efn\">Bahre\u00efn<\/option><option value=\"Burundi\">Burundi<\/option><option value=\"B\u00e9nin\">B\u00e9nin<\/option><option value=\"Saint-barth\u00e9lemy\">Saint-barth\u00e9lemy<\/option><option value=\"Bermudes\">Bermudes<\/option><option value=\"Brunei Darussalam\">Brunei Darussalam<\/option><option value=\"Bolivie, L&#039;\u00e9tat Plurinational De\">Bolivie, L&#039;\u00e9tat Plurinational De<\/option><option value=\"Bonaire, Saint-eustache Et Saba\">Bonaire, Saint-eustache Et Saba<\/option><option value=\"Br\u00e9sil\">Br\u00e9sil<\/option><option value=\"Bahamas\">Bahamas<\/option><option value=\"Bhoutan\">Bhoutan<\/option><option value=\"Bouvet, \u00cele\">Bouvet, \u00cele<\/option><option value=\"Botswana\">Botswana<\/option><option value=\"Belize\">Belize<\/option><option value=\"Canada\">Canada<\/option><option value=\"Cocos (Keeling), \u00celes\">Cocos (Keeling), \u00celes<\/option><option value=\"Congo, La R\u00e9publique D\u00e9mocratique Du\">Congo, La R\u00e9publique D\u00e9mocratique Du<\/option><option value=\"Centrafricaine, R\u00e9publique\">Centrafricaine, R\u00e9publique<\/option><option value=\"Congo\">Congo<\/option><option value=\"Suisse\">Suisse<\/option><option value=\"C\u00f4te D&#039;ivoire\">C\u00f4te D&#039;ivoire<\/option><option value=\"Cook, \u00celes\">Cook, \u00celes<\/option><option value=\"Chili\">Chili<\/option><option value=\"Cameroun\">Cameroun<\/option><option value=\"Chine Continentale\">Chine Continentale<\/option><option value=\"Colombie\">Colombie<\/option><option value=\"Costa Rica\">Costa Rica<\/option><option value=\"Cuba\">Cuba<\/option><option value=\"Cap-vert\">Cap-vert<\/option><option value=\"Cura\u00e7ao\">Cura\u00e7ao<\/option><option value=\"Christmas, \u00cele\">Christmas, \u00cele<\/option><option value=\"Chypre\">Chypre<\/option><option value=\"Tch\u00e8que, R\u00e9publique\">Tch\u00e8que, R\u00e9publique<\/option><option value=\"Allemagne\">Allemagne<\/option><option value=\"Djibouti\">Djibouti<\/option><option value=\"Danemark\">Danemark<\/option><option value=\"Dominique\">Dominique<\/option><option value=\"Dominicaine, R\u00e9publique\">Dominicaine, R\u00e9publique<\/option><option value=\"Alg\u00e9rie\">Alg\u00e9rie<\/option><option value=\"Equateur\">Equateur<\/option><option value=\"Estonie\">Estonie<\/option><option value=\"Egypte\">Egypte<\/option><option value=\"Sahara Occidental\">Sahara Occidental<\/option><option value=\"Erythr\u00e9e\">Erythr\u00e9e<\/option><option value=\"Espagne\">Espagne<\/option><option value=\"Ethiopie\">Ethiopie<\/option><option value=\"Finlande\">Finlande<\/option><option value=\"Fidji\">Fidji<\/option><option value=\"Falkland, \u00celes (Malvinas)\">Falkland, \u00celes (Malvinas)<\/option><option value=\"Micron\u00e9sie, \u00c9tats F\u00e9d\u00e9r\u00e9s De\">Micron\u00e9sie, \u00c9tats F\u00e9d\u00e9r\u00e9s De<\/option><option value=\"F\u00e9ro\u00e9, \u00celes\">F\u00e9ro\u00e9, \u00celes<\/option><option value=\"France\">France<\/option><option value=\"Gabon\">Gabon<\/option><option value=\"Royaume-uni\">Royaume-uni<\/option><option value=\"Grenade\">Grenade<\/option><option value=\"G\u00e9orgie\">G\u00e9orgie<\/option><option value=\"Guyane Fran\u00e7aise\">Guyane Fran\u00e7aise<\/option><option value=\"Guernesey\">Guernesey<\/option><option value=\"Ghana\">Ghana<\/option><option value=\"Gibraltar\">Gibraltar<\/option><option value=\"Groenland\">Groenland<\/option><option value=\"Gambie\">Gambie<\/option><option value=\"Guin\u00e9e\">Guin\u00e9e<\/option><option value=\"Guadeloupe\">Guadeloupe<\/option><option value=\"Guin\u00e9e \u00c9quatoriale\">Guin\u00e9e \u00c9quatoriale<\/option><option value=\"Gr\u00e8ce\">Gr\u00e8ce<\/option><option value=\"G\u00e9orgie Du Sud-et-les \u00celes Sandwich Du Sud\">G\u00e9orgie Du Sud-et-les \u00celes Sandwich Du Sud<\/option><option value=\"Guatemala\">Guatemala<\/option><option value=\"Guam\">Guam<\/option><option value=\"Guin\u00e9e-bissau\">Guin\u00e9e-bissau<\/option><option value=\"Guyana\">Guyana<\/option><option value=\"Hong Kong Ras\">Hong Kong Ras<\/option><option value=\"Heard-et-\u00eeles Macdonald, \u00cele\">Heard-et-\u00eeles Macdonald, \u00cele<\/option><option value=\"Honduras\">Honduras<\/option><option value=\"Croatie\">Croatie<\/option><option value=\"Ha\u00efti\">Ha\u00efti<\/option><option value=\"Hongrie\">Hongrie<\/option><option value=\"Indon\u00e9sie\">Indon\u00e9sie<\/option><option value=\"Irlande\">Irlande<\/option><option value=\"Isra\u00ebl\">Isra\u00ebl<\/option><option value=\"Ile De Man\">Ile De Man<\/option><option value=\"Inde\">Inde<\/option><option value=\"Oc\u00e9an Indien, Territoire Britannique De L&#039;\">Oc\u00e9an Indien, Territoire Britannique De L&#039;<\/option><option value=\"Iraq\">Iraq<\/option><option value=\"Iran, R\u00e9publique Islamique D&#039;\">Iran, R\u00e9publique Islamique D&#039;<\/option><option value=\"Islande\">Islande<\/option><option value=\"Italie\">Italie<\/option><option value=\"Jersey\">Jersey<\/option><option value=\"Jama\u00efque\">Jama\u00efque<\/option><option value=\"Jordanie\">Jordanie<\/option><option value=\"Japon\">Japon<\/option><option value=\"Kenya\">Kenya<\/option><option value=\"Kirghizistan\">Kirghizistan<\/option><option value=\"Cambodge\">Cambodge<\/option><option value=\"Kiribati\">Kiribati<\/option><option value=\"Comores\">Comores<\/option><option value=\"Saint-kitts-et-nevis\">Saint-kitts-et-nevis<\/option><option value=\"Cor\u00e9e, R\u00e9publique Populaire D\u00e9mocratique De\">Cor\u00e9e, R\u00e9publique Populaire D\u00e9mocratique De<\/option><option value=\"Cor\u00e9e, R\u00e9publique De\">Cor\u00e9e, R\u00e9publique De<\/option><option value=\"Kowe\u00eft\">Kowe\u00eft<\/option><option value=\"Ca\u00efmans, \u00celes\">Ca\u00efmans, \u00celes<\/option><option value=\"Kazakhstan\">Kazakhstan<\/option><option value=\"Lao, R\u00e9publique D\u00e9mocratique Populaire\">Lao, R\u00e9publique D\u00e9mocratique Populaire<\/option><option value=\"Liban\">Liban<\/option><option value=\"Sainte-lucie\">Sainte-lucie<\/option><option value=\"Liechtenstein\">Liechtenstein<\/option><option value=\"Sri Lanka\">Sri Lanka<\/option><option value=\"Lib\u00e9ria\">Lib\u00e9ria<\/option><option value=\"Lesotho\">Lesotho<\/option><option value=\"Lituanie\">Lituanie<\/option><option value=\"Luxembourg\">Luxembourg<\/option><option value=\"Lettonie\">Lettonie<\/option><option value=\"Libye\">Libye<\/option><option value=\"Maroc\">Maroc<\/option><option value=\"Monaco\">Monaco<\/option><option value=\"Moldova, R\u00e9publique De\">Moldova, R\u00e9publique De<\/option><option value=\"Mont\u00e9n\u00e9gro\">Mont\u00e9n\u00e9gro<\/option><option value=\"Saint-martin(Partie Fran\u00e7aise)\">Saint-martin(Partie Fran\u00e7aise)<\/option><option value=\"Madagascar\">Madagascar<\/option><option value=\"Marshall, \u00celes\">Marshall, \u00celes<\/option><option value=\"Mac\u00e9doine, L&#039;ex-r\u00e9publique Yougoslave De\">Mac\u00e9doine, L&#039;ex-r\u00e9publique Yougoslave De<\/option><option value=\"Mali\">Mali<\/option><option value=\"Myanmar\">Myanmar<\/option><option value=\"Mongolie\">Mongolie<\/option><option value=\"Macau Ras\">Macau Ras<\/option><option value=\"Mariannes Du Nord, \u00celes\">Mariannes Du Nord, \u00celes<\/option><option value=\"Martinique\">Martinique<\/option><option value=\"Mauritanie\">Mauritanie<\/option><option value=\"Montserrat\">Montserrat<\/option><option value=\"Malte\">Malte<\/option><option value=\"Maurice\">Maurice<\/option><option value=\"Maldives\">Maldives<\/option><option value=\"Malawi\">Malawi<\/option><option value=\"Mexique\">Mexique<\/option><option value=\"Malaisie\">Malaisie<\/option><option value=\"Mozambique\">Mozambique<\/option><option value=\"Namibie\">Namibie<\/option><option value=\"Nouvelle-cal\u00e9donie\">Nouvelle-cal\u00e9donie<\/option><option value=\"Niger\">Niger<\/option><option value=\"Norfolk, \u00cele\">Norfolk, \u00cele<\/option><option value=\"Nig\u00e9ria\">Nig\u00e9ria<\/option><option value=\"Nicaragua\">Nicaragua<\/option><option value=\"Pays-bas\">Pays-bas<\/option><option value=\"Norv\u00e8ge\">Norv\u00e8ge<\/option><option value=\"N\u00e9pal\">N\u00e9pal<\/option><option value=\"Nauru\">Nauru<\/option><option value=\"Niu\u00e9\">Niu\u00e9<\/option><option value=\"Nouvelle-z\u00e9lande\">Nouvelle-z\u00e9lande<\/option><option value=\"Oman\">Oman<\/option><option value=\"Panama\">Panama<\/option><option value=\"P\u00e9rou\">P\u00e9rou<\/option><option value=\"Polyn\u00e9sie Fran\u00e7aise\">Polyn\u00e9sie Fran\u00e7aise<\/option><option value=\"Papouasie-nouvelle-guin\u00e9e\">Papouasie-nouvelle-guin\u00e9e<\/option><option value=\"Philippines\">Philippines<\/option><option value=\"Pakistan\">Pakistan<\/option><option value=\"Pologne\">Pologne<\/option><option value=\"Saint-pierre-et-miquelon\">Saint-pierre-et-miquelon<\/option><option value=\"Porto Rico\">Porto Rico<\/option><option value=\"Palestinien Occup\u00e9, Territoire\">Palestinien Occup\u00e9, Territoire<\/option><option value=\"Portugal\">Portugal<\/option><option value=\"Palaos\">Palaos<\/option><option value=\"Paraguay\">Paraguay<\/option><option value=\"Qatar\">Qatar<\/option><option value=\"R\u00e9union\">R\u00e9union<\/option><option value=\"Roumanie\">Roumanie<\/option><option value=\"Serbie\">Serbie<\/option><option value=\"Russie, F\u00e9d\u00e9ration De\">Russie, F\u00e9d\u00e9ration De<\/option><option value=\"Rwanda\">Rwanda<\/option><option value=\"Arabie Saoudite\">Arabie Saoudite<\/option><option value=\"Salomon, \u00celes\">Salomon, \u00celes<\/option><option value=\"Seychelles\">Seychelles<\/option><option value=\"Soudan\">Soudan<\/option><option value=\"Bielorussie\">Bielorussie<\/option><option value=\"Singapour\">Singapour<\/option><option value=\"Sainte-h\u00e9l\u00e8ne, Ascension Et Tristan Da Cunha\">Sainte-h\u00e9l\u00e8ne, Ascension Et Tristan Da Cunha<\/option><option value=\"Slov\u00e9nie\">Slov\u00e9nie<\/option><option value=\"Svalbard Et \u00cele Jan Mayen\">Svalbard Et \u00cele Jan Mayen<\/option><option value=\"Slovaquie\">Slovaquie<\/option><option value=\"Sierra Leone\">Sierra Leone<\/option><option value=\"Saint-marin\">Saint-marin<\/option><option value=\"S\u00e9n\u00e9gal\">S\u00e9n\u00e9gal<\/option><option value=\"Somalie\">Somalie<\/option><option value=\"Suriname\">Suriname<\/option><option value=\"Soudan Du Sud\">Soudan Du Sud<\/option><option value=\"Sao Tom\u00e9-et-principe\">Sao Tom\u00e9-et-principe<\/option><option value=\"El Salvador\">El Salvador<\/option><option value=\"Saint-martin (Partie N\u00e9erlandaise)\">Saint-martin (Partie N\u00e9erlandaise)<\/option><option value=\"Syrienne, R\u00e9publique Arabe\">Syrienne, R\u00e9publique Arabe<\/option><option value=\"Swaziland\">Swaziland<\/option><option value=\"Turks-et-ca\u00efcos, \u00celes\">Turks-et-ca\u00efcos, \u00celes<\/option><option value=\"Tchad\">Tchad<\/option><option value=\"Terres Australes Fran\u00e7aises\">Terres Australes Fran\u00e7aises<\/option><option value=\"Togo\">Togo<\/option><option value=\"Tha\u00eflande\">Tha\u00eflande<\/option><option value=\"Tadjikistan\">Tadjikistan<\/option><option value=\"Tokelau\">Tokelau<\/option><option value=\"Timor-leste\">Timor-leste<\/option><option value=\"Turkm\u00e9nistan\">Turkm\u00e9nistan<\/option><option value=\"Tunisie\">Tunisie<\/option><option value=\"Tonga\">Tonga<\/option><option value=\"Turquie\">Turquie<\/option><option value=\"Trinit\u00e9-et-tobago\">Trinit\u00e9-et-tobago<\/option><option value=\"Tuvalu\">Tuvalu<\/option><option value=\"Ta\u00efwan, Region\">Ta\u00efwan, Region<\/option><option value=\"Tanzanie, R\u00e9publique-unie De\">Tanzanie, R\u00e9publique-unie De<\/option><option value=\"Ukraine\">Ukraine<\/option><option value=\"Ouganda\">Ouganda<\/option><option value=\"Iles Mineures \u00c9loign\u00e9es Des \u00c9tats-unis\">Iles Mineures \u00c9loign\u00e9es Des \u00c9tats-unis<\/option><option value=\"Etats-unis\">Etats-unis<\/option><option value=\"Uruguay\">Uruguay<\/option><option value=\"Ouzb\u00e9kistan\">Ouzb\u00e9kistan<\/option><option value=\"Saint-si\u00e8ge (\u00e9tat De La Cit\u00e9 Du Vatican)\">Saint-si\u00e8ge (\u00e9tat De La Cit\u00e9 Du Vatican)<\/option><option value=\"Saint-vincent-et-les Grenadines\">Saint-vincent-et-les Grenadines<\/option><option value=\"Venezuela, R\u00e9publique Bolivarienne Du\">Venezuela, R\u00e9publique Bolivarienne Du<\/option><option value=\"Iles Vierges Britanniques\">Iles Vierges Britanniques<\/option><option value=\"Iles Vierges Des \u00c9tats-unis\">Iles Vierges Des \u00c9tats-unis<\/option><option value=\"Viet Nam\">Viet Nam<\/option><option value=\"Vanuatu\">Vanuatu<\/option><option value=\"Wallis Et Futuna\">Wallis Et Futuna<\/option><option value=\"Samoa\">Samoa<\/option><option value=\"Y\u00e9men\">Y\u00e9men<\/option><option value=\"Mayotte\">Mayotte<\/option><option value=\"Afrique Du Sud\">Afrique Du Sud<\/option><option value=\"Zambie\">Zambie<\/option><option value=\"Zimbabwe\">Zimbabwe<\/option><\/select><\/span> <\/label>\n<\/div>\n\n<\/div>\n\n<div class=\"group\">\n<label><span class=\"label\">Objet du message*<\/span>\n    <span class=\"wpcf7-form-control-wrap\" data-name=\"menu-object\"><select class=\"wpcf7-form-control wpcf7-select wpcf7-validates-as-required\" aria-required=\"true\" aria-invalid=\"false\" name=\"menu-object\"><option value=\"Commerce international\">Commerce international<\/option><option value=\"Commercial France\">Commercial France<\/option><option value=\"SAV\">SAV<\/option><option value=\"Question sur un vin\">Question sur un vin<\/option><option value=\"Service Presse\">Service Presse<\/option><option value=\"Offres d&#039;emploi\">Offres d&#039;emploi<\/option><option value=\"Autres questions\">Autres questions<\/option><\/select><\/span> <\/label>\n<\/div>\n\n<div class=\"group group-last\">\n<label><span class=\"label\">Votre message*<\/span>\n    <span class=\"wpcf7-form-control-wrap\" data-name=\"your-message\"><textarea cols=\"40\" rows=\"10\" class=\"wpcf7-form-control wpcf7-textarea wpcf7-validates-as-required\" aria-required=\"true\" aria-invalid=\"false\" name=\"your-message\"><\/textarea><\/span> <\/label>\n<\/div>\n\n<input class=\"wpcf7-form-control wpcf7-submit has-spinner\" type=\"submit\" value=\"Envoyer\" \/>\n\n<script>\ndocument.addEventListener('DOMContentLoaded', function() {\n\/\/ R\u00e9cup\u00e9rer le <select> par son ID\nvar select = document.getElementById(\"selectCountry\");\nvar options = Array.from(select.options);\noptions.sort(function(a, b) {\n    var textA = a.text.toUpperCase();\n    var textB = b.text.toUpperCase();\n    return (textA < textB) ? -1 : (textA > textB) ? 1 : 0;\n});\nselect.innerHTML = \"\";\noptions.forEach(function(option) {\n    select.add(option);\n});\n\n\/\/ Country\n\n\nfetch('https:\/\/ipapi.co\/json\/')\n        .then(response => response.json())\n        .then(data => {\n            \/\/ Utilisez la propri\u00e9t\u00e9 country_name pour obtenir le nom du pays\n            const userCountry = data.country_name;\n\n            \/\/ S\u00e9lectionnez le pays dans la liste\n            const countryList = document.getElementById('selectCountry');\n            const option = Array.from(countryList.options).find(opt => opt.text.includes(userCountry));\n            if (option) {\n                countryList.value = option.value;\n            } else {\ncountryList.selectedIndex = 0;\n}\n        })\n        .catch(error => {\n            console.error('Erreur lors de la d\u00e9tection du pays :', error);\n        });\n\n});\n<\/script><div class=\"wpcf7-response-output\" aria-hidden=\"true\"><\/div>\n<\/form>\n<\/div>\n\n","protected":false},"excerpt":{"rendered":"","protected":false},"author":1,"featured_media":0,"parent":0,"menu_order":0,"comment_status":"closed","ping_status":"closed","template":"page-contact.php","meta":{"footnotes":""},"class_list":["post-165","page","type-page","status-publish","hentry"],"acf":[],"yoast_head":"<!-- This site is optimized with the Yoast SEO plugin v21.8.1 - https:\/\/yoast.com\/wordpress\/plugins\/seo\/ -->\n<title>Mouton Cadet<\/title>\n<meta name=\"robots\" content=\"noindex, follow, max-snippet:-1, max-image-preview:large, max-video-preview:-1\" \/>\n<meta property=\"og:locale\" content=\"fr_FR\" \/>\n<meta property=\"og:type\" content=\"article\" \/>\n<meta property=\"og:title\" content=\"Contact - Mouton Cadet\" \/>\n<meta property=\"og:description\" content=\"Pour toute demande de contact, \u00e9crivez-nous via le formulaire en mentionnant l&#039;objet de votre demande. Nous vous r\u00e9pondrons dans les plus brefs d\u00e9lais.\" \/>\n<meta property=\"og:url\" content=\"https:\/\/moutoncadet.clairemugnier.fr\/fr\/contact\/\" \/>\n<meta property=\"og:site_name\" content=\"Mouton Cadet\" \/>\n<meta property=\"article:publisher\" content=\"https:\/\/www.facebook.com\/MoutonCadet\" \/>\n<meta property=\"article:modified_time\" content=\"2024-01-31T15:52:09+00:00\" \/>\n<meta name=\"twitter:card\" content=\"summary_large_image\" \/>\n<meta name=\"twitter:label1\" content=\"Dur\u00e9e de lecture estim\u00e9e\" \/>\n\t<meta name=\"twitter:data1\" content=\"1 minute\" \/>\n<!-- \/ Yoast SEO plugin. -->","yoast_head_json":{"title":"Mouton Cadet","robots":{"index":"noindex","follow":"follow","max-snippet":"max-snippet:-1","max-image-preview":"max-image-preview:large","max-video-preview":"max-video-preview:-1"},"og_locale":"fr_FR","og_type":"article","og_title":"Contact - Mouton Cadet","og_description":"Pour toute demande de contact, \u00e9crivez-nous via le formulaire en mentionnant l'objet de votre demande. Nous vous r\u00e9pondrons dans les plus brefs d\u00e9lais.","og_url":"https:\/\/moutoncadet.clairemugnier.fr\/fr\/contact\/","og_site_name":"Mouton Cadet","article_publisher":"https:\/\/www.facebook.com\/MoutonCadet","article_modified_time":"2024-01-31T15:52:09+00:00","twitter_card":"summary_large_image","twitter_misc":{"Dur\u00e9e de lecture estim\u00e9e":"1 minute"},"schema":{"@context":"https:\/\/schema.org","@graph":[{"@type":"WebPage","@id":"https:\/\/moutoncadet.clairemugnier.fr\/fr\/contact\/","url":"https:\/\/moutoncadet.clairemugnier.fr\/fr\/contact\/","name":"Contact - Mouton Cadet","isPartOf":{"@id":"https:\/\/moutoncadet.clairemugnier.fr\/fr\/#website"},"datePublished":"2023-11-06T08:41:10+00:00","dateModified":"2024-01-31T15:52:09+00:00","description":"Pour toute demande de contact, \u00e9crivez-nous via le formulaire en mentionnant l'objet de votre demande. Nous vous r\u00e9pondrons dans les plus brefs d\u00e9lais.","breadcrumb":{"@id":"https:\/\/moutoncadet.clairemugnier.fr\/fr\/contact\/#breadcrumb"},"inLanguage":"fr-FR","potentialAction":[{"@type":"ReadAction","target":["https:\/\/moutoncadet.clairemugnier.fr\/fr\/contact\/"]}]},{"@type":"BreadcrumbList","@id":"https:\/\/moutoncadet.clairemugnier.fr\/fr\/contact\/#breadcrumb","itemListElement":[{"@type":"ListItem","position":1,"name":"Home","item":"https:\/\/moutoncadet.clairemugnier.fr\/fr\/"},{"@type":"ListItem","position":2,"name":"Contact"}]},{"@type":"WebSite","@id":"https:\/\/moutoncadet.clairemugnier.fr\/fr\/#website","url":"https:\/\/moutoncadet.clairemugnier.fr\/fr\/","name":"Mouton Cadet","description":"","publisher":{"@id":"https:\/\/moutoncadet.clairemugnier.fr\/fr\/#organization"},"potentialAction":[{"@type":"SearchAction","target":{"@type":"EntryPoint","urlTemplate":"https:\/\/moutoncadet.clairemugnier.fr\/fr\/?s={search_term_string}"},"query-input":"required name=search_term_string"}],"inLanguage":"fr-FR"},{"@type":"Organization","@id":"https:\/\/moutoncadet.clairemugnier.fr\/fr\/#organization","name":"Mouton Cadet","url":"https:\/\/moutoncadet.clairemugnier.fr\/fr\/","logo":{"@type":"ImageObject","inLanguage":"fr-FR","@id":"https:\/\/moutoncadet.clairemugnier.fr\/fr\/#\/schema\/logo\/image\/","url":"https:\/\/www-preprod2022-moutoncadet-new.systonic.com\/wp-content\/uploads\/2024\/01\/logo-mouton-cadet.svg","contentUrl":"https:\/\/www-preprod2022-moutoncadet-new.systonic.com\/wp-content\/uploads\/2024\/01\/logo-mouton-cadet.svg","width":1,"height":1,"caption":"Mouton Cadet"},"image":{"@id":"https:\/\/moutoncadet.clairemugnier.fr\/fr\/#\/schema\/logo\/image\/"},"sameAs":["https:\/\/www.facebook.com\/MoutonCadet","https:\/\/www.instagram.com\/moutoncadet_official"]}]}},"_links":{"self":[{"href":"https:\/\/moutoncadet.clairemugnier.fr\/fr\/wp-json\/wp\/v2\/pages\/165","targetHints":{"allow":["GET"]}}],"collection":[{"href":"https:\/\/moutoncadet.clairemugnier.fr\/fr\/wp-json\/wp\/v2\/pages"}],"about":[{"href":"https:\/\/moutoncadet.clairemugnier.fr\/fr\/wp-json\/wp\/v2\/types\/page"}],"author":[{"embeddable":true,"href":"https:\/\/moutoncadet.clairemugnier.fr\/fr\/wp-json\/wp\/v2\/users\/1"}],"replies":[{"embeddable":true,"href":"https:\/\/moutoncadet.clairemugnier.fr\/fr\/wp-json\/wp\/v2\/comments?post=165"}],"version-history":[{"count":2,"href":"https:\/\/moutoncadet.clairemugnier.fr\/fr\/wp-json\/wp\/v2\/pages\/165\/revisions"}],"predecessor-version":[{"id":489,"href":"https:\/\/moutoncadet.clairemugnier.fr\/fr\/wp-json\/wp\/v2\/pages\/165\/revisions\/489"}],"wp:attachment":[{"href":"https:\/\/moutoncadet.clairemugnier.fr\/fr\/wp-json\/wp\/v2\/media?parent=165"}],"curies":[{"name":"wp","href":"https:\/\/api.w.org\/{rel}","templated":true}]}}