{"id":169,"date":"2023-11-06T09:41:41","date_gmt":"2023-11-06T08:41:41","guid":{"rendered":"https:\/\/moutoncadet.clairemugnier.fr\/?page_id=169"},"modified":"2024-02-22T17:30:04","modified_gmt":"2024-02-22T16:30:04","slug":"mentions-legales","status":"publish","type":"page","link":"https:\/\/moutoncadet.clairemugnier.fr\/fr\/mentions-legales\/","title":{"rendered":"Mentions l\u00e9gales"},"content":{"rendered":"<div class=\"gutenberg-title-text\" id=\"\">\n    <div class=\"content\">\n        <h2 class=\"h3 title\">Mentions l\u00e9gales<\/h2>\n        <p><p style=\"text-align: left;\"><strong>INFORMATION ET ALCOOL<\/strong><br \/>\nBaron Philippe de Rothschild S.A. tient \u00e0 jour le pr\u00e9sent site internet pour l&rsquo;usage personnel des personnes l\u00e9galement autoris\u00e9es \u00e0 consommer des boissons alcoolis\u00e9es, et ce dans les pays dans lesquels la consommation de boissons alcoolis\u00e9es est l\u00e9gale.<\/p>\n<p>&nbsp;<\/p>\n<p style=\"text-align: left;\"><strong>COPYRIGHT<\/strong><br \/>\n\u00a92024 &#8211; Baron Philippe de Rothschild S.A.<\/p>\n<p>&nbsp;<\/p>\n<p style=\"text-align: left;\"><strong>G\u00c9N\u00c9RALIT\u00c9S<\/strong><br \/>\nBaron Philippe de Rothschild S.A.<br \/>\nSoci\u00e9t\u00e9 Anonyme<br \/>\nCapital: 6 250 000 \u20ac<br \/>\nSi\u00e8ge social : rue de Grassi &#8211; 33250 Pauillac<br \/>\nT\u00e9l\u00e9phone : + 33 (0)5 56 73 20 20<br \/>\nT\u00e9l\u00e9copie: + 33 (0)5 56 73 20 44<br \/>\nRCS Bordeaux : B 459 202 644<br \/>\nPr\u00e9sident-Directeur G\u00e9n\u00e9ral : Philippe Sereys Rothschild<br \/>\nDirection G\u00e9n\u00e9rale : V\u00e9ronique Hombroekx, Ariane Khaida et Eric Bergman<br \/>\nDirecteur de la publication: V\u00e9ronique Hombroekx<\/p>\n<p>&nbsp;<\/p>\n<p style=\"text-align: left;\"><strong>TOUS DROITS R\u00c9SERV\u00c9S<\/strong><br \/>\nBaron Philippe de Rothschild S.A. est l&rsquo;unique propri\u00e9taire des logotypes, droits d&rsquo;auteur et autres droits de propri\u00e9te intellectuelle et industrielle utilis\u00e9s dans son site. Toute utilisation non autoris\u00e9e de tout ou partie de ces droits par des tiers est susceptible de donner lieu \u00e0 des poursuites judiciaires.<br \/>\nCe site est r\u00e9alis\u00e9 et \u00e9dit\u00e9 par Baron Philippe de Rothschild S.A. Il est h\u00e9berg\u00e9 par la soci\u00e9t\u00e9 Systonic &#8211; Parc Magellan, 2-4 rue Eug\u00e8ne Chevreul &#8211; 33600 PESSAC (Contact t\u00e9l\u00e9phonique: + 33 (0)5 57 26 44 44).<\/p>\n<p>&nbsp;<\/p>\n<p style=\"text-align: left;\"><strong>MARQUES<\/strong><br \/>\nLes marques et logotypes figurant sur ce site sont des marques de Baron Philippe de Rothschild S.A. et ne doivent pas \u00eatre utilis\u00e9s \u00e0 des fins publicitaires sans le consentement \u00e9crit pr\u00e9alable du propri\u00e9taire de la marque. Toute reproduction, totale ou partielle, tant en France qu&rsquo;\u00e0 l&rsquo;\u00e9tranger, de ce site, est rigoureusement interdite, compte tenu des dispositions l\u00e9gales en vigueur relatives \u00e0 la propri\u00e9te intellectuelle et artistique.<\/p>\n<p>&nbsp;<\/p>\n<p style=\"text-align: left;\"><strong>LES LIENS<\/strong><br \/>\nToute information concernant Baron Philippe de Rothschild S.A. de quelque nature que ce soit, se trouvant sur le r\u00e9seau Internet, en dehors de notre site, aura \u00e9t\u00e9 transmise sans notre autorisation et contr\u00f4le et ne saurait donc engager notre responsabilit\u00e9.<br \/>\nBaron Philippe de Rothschild S.A. ne prend aucun engagement concernant tout autre site auquel vous pourriez avoir acc\u00e8s via le site Baron Philippe de Rothschild S.A. et n&rsquo;a aucun contr\u00f4le ni responsabilit\u00e9 quant au contenu des sites non Baron Philippe de Rothschild SA.<br \/>\nEn aucun cas, Baron Philippe de Rothschild S.A, ne sera tenue responsable des dommages directs, indirects ou sp\u00e9ciaux r\u00e9sultant de lisage de ce site Internet ou d&rsquo;autres sites qui un lui sont li\u00e9s, notamment tout pr\u00e9judice financier ou commercial, perte de programmes ou de donn\u00e9es dans votre syst\u00e8me d&rsquo;information ou autre, m\u00eame si Baron Philippe de Rothschild S.A. a eu connaissance de la possibilit\u00e9 de survenance de tels dommages.<\/p>\n<p>&nbsp;<\/p>\n<p style=\"text-align: left;\"><strong>CR\u00c9DITS<\/strong><br \/>\nH\u00e9bergement : Systonic &#8211; Parc Margellan, 2-4 rue Eug\u00e8ne Chevreul &#8211; 33600 PESSAC<br \/>\nConception : L&rsquo;agence Bespoke (Nouvoduo SARL), Baron Philippe de Rothschild S.A<br \/>\nPhotos : Baron Philippe de Rothschild, S.A.<br \/>\nVid\u00e9os : Baron Philippe de Rothschild, S.A.<\/p>\n<\/p>\n    <\/div>\n<\/div>\n","protected":false},"excerpt":{"rendered":"","protected":false},"author":1,"featured_media":0,"parent":0,"menu_order":0,"comment_status":"closed","ping_status":"closed","template":"","meta":{"footnotes":""},"class_list":["post-169","page","type-page","status-publish","hentry"],"acf":[],"yoast_head":"<!-- This site is optimized with the Yoast SEO plugin v21.8.1 - https:\/\/yoast.com\/wordpress\/plugins\/seo\/ -->\n<title>Mouton Cadet<\/title>\n<meta name=\"robots\" content=\"noindex, follow\" \/>\n<meta property=\"og:locale\" content=\"fr_FR\" \/>\n<meta property=\"og:type\" content=\"article\" \/>\n<meta property=\"og:title\" content=\"Mentions l\u00e9gales - Mouton Cadet\" \/>\n<meta property=\"og:description\" content=\"Mentions l\u00e9gales. L&#039;abus d&#039;alcool est dangereux pour la sant\u00e9, \u00e0 consommer avec mod\u00e9ration. Tous droits r\u00e9serv\u00e9s \u00a92024 Baron Philippe de Rothschild S.A.\" \/>\n<meta property=\"og:url\" content=\"https:\/\/moutoncadet.clairemugnier.fr\/fr\/mentions-legales\/\" \/>\n<meta property=\"og:site_name\" content=\"Mouton Cadet\" \/>\n<meta property=\"article:publisher\" content=\"https:\/\/www.facebook.com\/MoutonCadet\" \/>\n<meta property=\"article:modified_time\" content=\"2024-02-22T16:30:04+00:00\" \/>\n<meta name=\"twitter:card\" content=\"summary_large_image\" \/>\n<!-- \/ Yoast SEO plugin. -->","yoast_head_json":{"title":"Mouton Cadet","robots":{"index":"noindex","follow":"follow"},"og_locale":"fr_FR","og_type":"article","og_title":"Mentions l\u00e9gales - Mouton Cadet","og_description":"Mentions l\u00e9gales. L'abus d'alcool est dangereux pour la sant\u00e9, \u00e0 consommer avec mod\u00e9ration. Tous droits r\u00e9serv\u00e9s \u00a92024 Baron Philippe de Rothschild S.A.","og_url":"https:\/\/moutoncadet.clairemugnier.fr\/fr\/mentions-legales\/","og_site_name":"Mouton Cadet","article_publisher":"https:\/\/www.facebook.com\/MoutonCadet","article_modified_time":"2024-02-22T16:30:04+00:00","twitter_card":"summary_large_image","schema":{"@context":"https:\/\/schema.org","@graph":[{"@type":"WebPage","@id":"https:\/\/moutoncadet.clairemugnier.fr\/fr\/mentions-legales\/","url":"https:\/\/moutoncadet.clairemugnier.fr\/fr\/mentions-legales\/","name":"Mentions l\u00e9gales - Mouton Cadet","isPartOf":{"@id":"https:\/\/moutoncadet.clairemugnier.fr\/fr\/#website"},"datePublished":"2023-11-06T08:41:41+00:00","dateModified":"2024-02-22T16:30:04+00:00","description":"Mentions l\u00e9gales. L'abus d'alcool est dangereux pour la sant\u00e9, \u00e0 consommer avec mod\u00e9ration. Tous droits r\u00e9serv\u00e9s \u00a92024 Baron Philippe de Rothschild S.A.","breadcrumb":{"@id":"https:\/\/moutoncadet.clairemugnier.fr\/fr\/mentions-legales\/#breadcrumb"},"inLanguage":"fr-FR","potentialAction":[{"@type":"ReadAction","target":["https:\/\/moutoncadet.clairemugnier.fr\/fr\/mentions-legales\/"]}]},{"@type":"BreadcrumbList","@id":"https:\/\/moutoncadet.clairemugnier.fr\/fr\/mentions-legales\/#breadcrumb","itemListElement":[{"@type":"ListItem","position":1,"name":"Home","item":"https:\/\/moutoncadet.clairemugnier.fr\/fr\/"},{"@type":"ListItem","position":2,"name":"Mentions l\u00e9gales"}]},{"@type":"WebSite","@id":"https:\/\/moutoncadet.clairemugnier.fr\/fr\/#website","url":"https:\/\/moutoncadet.clairemugnier.fr\/fr\/","name":"Mouton Cadet","description":"","publisher":{"@id":"https:\/\/moutoncadet.clairemugnier.fr\/fr\/#organization"},"potentialAction":[{"@type":"SearchAction","target":{"@type":"EntryPoint","urlTemplate":"https:\/\/moutoncadet.clairemugnier.fr\/fr\/?s={search_term_string}"},"query-input":"required name=search_term_string"}],"inLanguage":"fr-FR"},{"@type":"Organization","@id":"https:\/\/moutoncadet.clairemugnier.fr\/fr\/#organization","name":"Mouton Cadet","url":"https:\/\/moutoncadet.clairemugnier.fr\/fr\/","logo":{"@type":"ImageObject","inLanguage":"fr-FR","@id":"https:\/\/moutoncadet.clairemugnier.fr\/fr\/#\/schema\/logo\/image\/","url":"https:\/\/www-preprod2022-moutoncadet-new.systonic.com\/wp-content\/uploads\/2024\/01\/logo-mouton-cadet.svg","contentUrl":"https:\/\/www-preprod2022-moutoncadet-new.systonic.com\/wp-content\/uploads\/2024\/01\/logo-mouton-cadet.svg","width":1,"height":1,"caption":"Mouton Cadet"},"image":{"@id":"https:\/\/moutoncadet.clairemugnier.fr\/fr\/#\/schema\/logo\/image\/"},"sameAs":["https:\/\/www.facebook.com\/MoutonCadet","https:\/\/www.instagram.com\/moutoncadet_official"]}]}},"_links":{"self":[{"href":"https:\/\/moutoncadet.clairemugnier.fr\/fr\/wp-json\/wp\/v2\/pages\/169","targetHints":{"allow":["GET"]}}],"collection":[{"href":"https:\/\/moutoncadet.clairemugnier.fr\/fr\/wp-json\/wp\/v2\/pages"}],"about":[{"href":"https:\/\/moutoncadet.clairemugnier.fr\/fr\/wp-json\/wp\/v2\/types\/page"}],"author":[{"embeddable":true,"href":"https:\/\/moutoncadet.clairemugnier.fr\/fr\/wp-json\/wp\/v2\/users\/1"}],"replies":[{"embeddable":true,"href":"https:\/\/moutoncadet.clairemugnier.fr\/fr\/wp-json\/wp\/v2\/comments?post=169"}],"version-history":[{"count":9,"href":"https:\/\/moutoncadet.clairemugnier.fr\/fr\/wp-json\/wp\/v2\/pages\/169\/revisions"}],"predecessor-version":[{"id":3661,"href":"https:\/\/moutoncadet.clairemugnier.fr\/fr\/wp-json\/wp\/v2\/pages\/169\/revisions\/3661"}],"wp:attachment":[{"href":"https:\/\/moutoncadet.clairemugnier.fr\/fr\/wp-json\/wp\/v2\/media?parent=169"}],"curies":[{"name":"wp","href":"https:\/\/api.w.org\/{rel}","templated":true}]}}