{"id":190,"date":"2023-11-06T16:50:24","date_gmt":"2023-11-06T15:50:24","guid":{"rendered":"https:\/\/moutoncadet.clairemugnier.fr\/?page_id=190"},"modified":"2024-03-07T09:56:54","modified_gmt":"2024-03-07T08:56:54","slug":"notre-histoire","status":"publish","type":"page","link":"https:\/\/moutoncadet.clairemugnier.fr\/fr\/notre-histoire\/","title":{"rendered":"Notre histoire"},"content":{"rendered":"    <link rel=\"preload\" href=\"https:\/\/moutoncadet.clairemugnier.fr\/wp-content\/themes\/moutoncadet\/assets\/img\/volute-hero-title-mobile-complete.svg\" as=\"image\" fetchpriority=\"high\">\n    <link rel=\"preload\" href=\"https:\/\/moutoncadet.clairemugnier.fr\/wp-content\/themes\/moutoncadet\/assets\/img\/volute-hero.svg\" as=\"image\" fetchpriority=\"high\">\n    <div class=\"gutenberg-hero-title  black\" id=\"gutenberg-hero-title\">\n\n    \n    <h1>Notre histoire<\/h1>\n\n\n\n            <p>Mouton Cadet, c\u2019est l\u2019histoire singuli\u00e8re et plurielle d\u2019un vin de Bordeaux port\u00e9 par le Baron Philippe de Rothschild.<\/p>\n                <link rel=\"preload\" href=\"https:\/\/moutoncadet.clairemugnier.fr\/wp-content\/uploads\/2023\/11\/couronne.svg\" as=\"image\" fetchpriority=\"high\">\n        <span class=\"bg\" style=\"background-image: url('https:\/\/moutoncadet.clairemugnier.fr\/wp-content\/uploads\/2023\/11\/couronne.svg')\"><\/span>\n    \n    <\/div>\n\n<div class=\"gutenberg-bg-text\">\n    \n    <div class=\"content\">\n        <h2 class=\"title h4\">De 1930 \u00e0 aujourd&rsquo;hui<\/h2>\n        <p class=\"h5 \">l\u2019harmonie des savoir-faire, des connaissances et de l\u2019innovation a permis \u00e0 Mouton Cadet de devenir un vin iconique du terroir bordelais.<\/p>\n    <\/div>\n\n\n    \n            <link rel=\"preload\" href=\"https:\/\/moutoncadet.clairemugnier.fr\/wp-content\/uploads\/2023\/11\/histoire-mouton-cadet-1930-m.jpg\" as=\"image\" fetchpriority=\"high\">\n        <link rel=\"preload\" href=\"https:\/\/moutoncadet.clairemugnier.fr\/wp-content\/uploads\/2023\/11\/histoire-mouton-cadet-1930.jpg\" as=\"image\" fetchpriority=\"high\">\n        <link rel=\"preload\" href=\"https:\/\/moutoncadet.clairemugnier.fr\/wp-content\/themes\/moutoncadet\/assets\/img\/cadre.svg\" as=\"image\" fetchpriority=\"high\">\n        <link rel=\"preload\" href=\"https:\/\/moutoncadet.clairemugnier.fr\/wp-content\/themes\/moutoncadet\/assets\/img\/cadre-m.svg\" as=\"image\" fetchpriority=\"high\">\n        \n    <picture>\n        <source alt=\"De 1930 \u00e0 aujourd'hui\" width=\"3840\" height=\"1333\" srcset=\"https:\/\/moutoncadet.clairemugnier.fr\/wp-content\/uploads\/2023\/11\/histoire-mouton-cadet-1930.jpg\" media=\"(min-width: 768px)\" >\n        <img loading=\"lazy\" decoding=\"async\" class=\"img\" src=\"https:\/\/moutoncadet.clairemugnier.fr\/wp-content\/uploads\/2023\/11\/histoire-mouton-cadet-1930-m.jpg\" alt=\"De 1930 \u00e0 aujourd'hui\" width=\"750\" height=\"1122\" >\n    <\/picture>\n<\/div>\n\n\n<div class=\"gutenberg-title-text\" id=\"\">\n    <div class=\"content\">\n        <h2 class=\"h3 title\">Plus de 90 ans d&rsquo;audace et de cr\u00e9ativit\u00e9<\/h2>\n        <p><p>Trois g\u00e9n\u00e9rations de la famille Rothschild, anim\u00e9es par le m\u00eame enthousiasme et la passion du vin, ont marqu\u00e9 l\u2019histoire de Mouton Cadet avec une exigence ind\u00e9fectible\u00a0; toujours privil\u00e9gier la qualit\u00e9 et valoriser le vignoble bordelais.<\/p>\n<\/p>\n    <\/div>\n<\/div>\n\n\n<div class=\"gutenberg-image-full\">\n    <picture>\n        <source alt=\"Famille Rothschild\"  width=\"3840\" height=\"2160\" srcset=\"https:\/\/moutoncadet.clairemugnier.fr\/wp-content\/uploads\/2023\/11\/famille-rothschild-1.jpg\" media=\"(min-width: 768px)\" loading=\"lazy\">\n        <img decoding=\"async\" src=\"https:\/\/moutoncadet.clairemugnier.fr\/wp-content\/uploads\/2023\/11\/famille-rothschild-1.jpg\" alt=\"Famille Rothschild\" width=\"3840\" height=\"2160\" loading=\"lazy\">\n    <\/picture>\n<\/div>\n\n\n\n<div class=\"gutenberg-date\">\n        <div class=\"swiper-navigation\">\n        <div class=\"swiper-button-prev\"><\/div>\n        <div class=\"swiper-button-next\"><\/div>\n    <\/div>\n    <div class=\"content\">\n        <div class=\"swiper swiper-date\" data-swiper='{\"breakpoints\":{\"768\":{\"slidesPerView\":1, \"spaceBetween\":10}}}'>\n            <!-- If we need navigation buttons -->\n            <div class=\"swiper-wrapper\">\n                                                        <div class=\"swiper-slide swiperRepeat\" data-date=\"1930\">\n                        <div class=\"image\">\n                            <div class=\"sticky-contents\">\n                                <div class=\"container-photo\">\n                                    <img decoding=\"async\" class=\"bg\" src=\"https:\/\/moutoncadet.clairemugnier.fr\/wp-content\/uploads\/2023\/11\/baron-philippe-de-rothschild.jpg\" alt=\"Baron Philippe De Rothschild\"\n                                          width=\"1920\" height=\"1920\" loading=\"lazy\">\n                                    <img decoding=\"async\" class=\"img\" src=\"https:\/\/moutoncadet.clairemugnier.fr\/wp-content\/uploads\/2023\/11\/baron-philippe-de-rothschild-2.jpg\" alt=\"Le baron Philippe de Rothschild\"\n                                          width=\"960\" height=\"960\" loading=\"lazy\">\n                                <\/div>\n\n                            <\/div>\n                        <\/div>\n\n                        <span class=\"date\">\n                           <span>1930<\/span>\n                        <\/span>\n\n                        <div class=\"content\">\n                            <h2>Le baron Philippe de Rothschild<\/h2>\n                            <h3 class=\"sub-title\">G\u00e9nie cr\u00e9atif &#038; fondateur de la marque<\/h3>\n                            <p>En 1930, \u00e0 peine \u00e2g\u00e9 de vingt-huit ans, le baron Philippe de Rothschild r\u00e9volutionne le n\u00e9goce bordelais en cr\u00e9ant son propre vin de marque. Son esprit pionnier et libre se refl\u00e8te dans ce vin moderne, issu de diff\u00e9rents terroirs. Il le baptise Mouton Cadet. Trait d\u2019esprit et trait d\u2019union entre les vins de Bordeaux et le baron Philippe, propri\u00e9taire de Ch\u00e2teau Mouton Rothschild, cadet de la famille.<\/p>\n<p>Dans les ann\u00e9es cinquante, le baron Philippe de Rothschild place Mouton Cadet sur la carte des grands restaurateurs, qui saluent en ce vin sa qualit\u00e9 constante. La r\u00e9putation d\u00e9passe rapidement les fronti\u00e8res avec le lancement de Mouton Cadet sur le march\u00e9 britannique, puis aux Etats-Unis. Le succ\u00e8s est imm\u00e9diat. Une fa\u00e7on tr\u00e8s fran\u00e7aise d\u2019\u00eatre international. Pendant plus de soixante ans, le baron Philippe de Rothschild joue un r\u00f4le essentiel tant dans la saga familiale que dans le rayonnement de l\u2019image de Bordeaux \u00e0 l\u2019\u00e9tranger.<\/p>\n                        <\/div>\n                    <\/div>\n                                                        <div class=\"swiper-slide swiperRepeat\" data-date=\"1988\">\n                        <div class=\"image\">\n                            <div class=\"sticky-contents\">\n                                <div class=\"container-photo\">\n                                    <img decoding=\"async\" class=\"bg\" src=\"https:\/\/moutoncadet.clairemugnier.fr\/wp-content\/uploads\/2023\/11\/baronne-philippine-de-rothschild.jpg\" alt=\"Baronne Philippine de Rothschild\"\n                                          width=\"1920\" height=\"1920\" loading=\"lazy\">\n                                    <img decoding=\"async\" class=\"img\" src=\"https:\/\/moutoncadet.clairemugnier.fr\/wp-content\/uploads\/2023\/11\/baronne-philippine-de-rothschild-2.jpg\" alt=\"La baronne Philippine de Rothschild\"\n                                          width=\"960\" height=\"960\" loading=\"lazy\">\n                                <\/div>\n\n                            <\/div>\n                        <\/div>\n\n                        <span class=\"date\">\n                           <span>1988<\/span>\n                        <\/span>\n\n                        <div class=\"content\">\n                            <h2>La baronne Philippine de Rothschild<\/h2>\n                            <h3 class=\"sub-title\">Charismatique &#038; perfectionniste<\/h3>\n                            <p>En 1988, la baronne Philippine de Rothschild succ\u00e8de \u00e0 son p\u00e8re et se r\u00e9v\u00e8le une formidable ambassadrice pour Mouton Cadet et les vins de Bordeaux. Son immense culture, son charisme, son talent de conteuse, son \u00e9nergie font merveille. La chaleureuse et distingu\u00e9e repr\u00e9sentante de l\u2019art de vivre fran\u00e7ais est re\u00e7ue dans le monde entier, tout comme elle se pla\u00eet \u00e0 recevoir en ses terres des personnalit\u00e9s de toute nationalit\u00e9. A l\u2019instar de son p\u00e8re, elle consacre son dynamisme \u00e0 hisser le vin de n\u00e9goce au premier rang mondial.<\/p>\n<p>Curiosit\u00e9, remise en question, recherche de la perfection, sont ses autres traits de caract\u00e8re.<br \/>\nEn 1993, elle inaugure le Centre Vinicole Mouton Cadet, situ\u00e9 \u00e0 Saint-Laurent-M\u00e9doc, outil technique moderne qui permet de faire face \u00e0 la dynamique commerciale et de d\u00e9velopper la collection des vins ; Mouton Cadet R\u00e9serve, Mouton Cadet Blanc et Ros\u00e9 voient le jour.<\/p>\n<p>En 2004, elle imagine un nouveau logo identitaire : le styl\u00e9 \u00ab Barbacchus \u00bb, contraction litt\u00e9raire entre \u00ab Barbe \u00bb et \u00ab Bacchus \u00bb, n\u00e9 d\u2019un coup de crayon associant un b\u00e9lier et une grappe de raisin, devenu la signature de Mouton Cadet.<\/p>\n                        <\/div>\n                    <\/div>\n                                                        <div class=\"swiper-slide swiperRepeat\" data-date=\"2014\">\n                        <div class=\"image\">\n                            <div class=\"sticky-contents\">\n                                <div class=\"container-photo\">\n                                    <img decoding=\"async\" class=\"bg\" src=\"https:\/\/moutoncadet.clairemugnier.fr\/wp-content\/uploads\/2023\/11\/philippe-sereys-de-rothschild-2.jpg\" alt=\"Philippe Sereys de Rothschild\"\n                                          width=\"960\" height=\"960\" loading=\"lazy\">\n                                    <img decoding=\"async\" class=\"img\" src=\"https:\/\/moutoncadet.clairemugnier.fr\/wp-content\/uploads\/2023\/11\/philippe-sereys-de-rothschild-2.jpg\" alt=\"Philippe Sereys de Rothschild\"\n                                          width=\"960\" height=\"960\" loading=\"lazy\">\n                                <\/div>\n\n                            <\/div>\n                        <\/div>\n\n                        <span class=\"date\">\n                           <span>2014<\/span>\n                        <\/span>\n\n                        <div class=\"content\">\n                            <h2>Philippe Sereys de Rothschild<\/h2>\n                            <h3 class=\"sub-title\">Un regard vers l&rsquo;avenir<\/h3>\n                            <p>En septembre 2014, Philippe Sereys de Rothschild assure la succession de sa m\u00e8re, la baronne Philippine, \u00e0 la Pr\u00e9sidence de la soci\u00e9t\u00e9 familiale. Avec sa s\u0153ur, Camille Sereys de Rothschild, et son fr\u00e8re, Julien de Beaumarchais de Rothschild, il guide Mouton Cadet vers une nouvelle \u00e8re. Tout en maintenant son h\u00e9g\u00e9monie sur les march\u00e9s, il s\u2019agit de s\u2019engager plus avant dans des pratiques respectueuses de l\u2019environnement et des Hommes, renforcer la proximit\u00e9 avec la communaut\u00e9 de vignerons, affiner le profil gustatif des diff\u00e9rents vins de la collection afin d\u2019en faire des cr\u00e9ateurs de convivialit\u00e9 pour les jeunes g\u00e9n\u00e9rations.<\/p>\n<p>L\u2019enthousiasme ne s\u2019\u00e9teint jamais ; la cr\u00e9ation est toujours nourrie. Au-del\u00e0 m\u00eame du cercle familial, les uns apr\u00e8s les autres se d\u00e9crivent comme des \u00ab passeurs \u00bb, habit\u00e9s par l\u2019exigence de transmettre une histoire, un savoir-faire, un art de vivre, en somme une culture du vin de Bordeaux.<\/p>\n                        <\/div>\n                    <\/div>\n                            <\/div>\n\n        <\/div>\n            <\/div>\n    <div class=\"desktop-feuille\">\n        <div class=\"sticky-contents\">\n            <div id=\"dateFeuille\">1930<\/div>\n        <\/div>\n    <\/div>\n<\/div>\n\n<script>\n    const divDate = document.getElementById('dateFeuille');\n    \/\/ Fonction pour afficher la position de la div au scroll\n    function handleScroll() {\n        const maDiv = document.getElementById('dateFeuille');\n        const divRect = maDiv.getBoundingClientRect();\n        const div1List = document.querySelectorAll('.swiperRepeat');\n        div1List.forEach((div1, index) => {\n            const divRect2 = div1.getBoundingClientRect();\n            let date = div1.getAttribute('data-date');\n            if((divRect.top + 100 > divRect2.top)&&(divRect.bottom - 100 < divRect2.bottom)) {\n                \/\/console.log(date);\n                maDiv.innerHTML = \"\";\n                maDiv.appendChild(document.createTextNode(date));\n            }\n        });\n    }\n    \/\/ Attache l'\u00e9v\u00e9nement de scroll pour appeler handleScroll\n    window.addEventListener('scroll', handleScroll);\n    \/\/ Appelle la fonction initiale pour afficher la position au chargement de la page\n    handleScroll();\n\n<\/script>\n\n<div class=\"gutenberg-key\">\n<h2 class=\"h4\">Mouton cadet en quelques chiffres<\/h2>\n<div class=\"content\">\n                            <div class=\"item\">\n            <span class=\"img\"><img decoding=\"async\" src=\"https:\/\/moutoncadet.clairemugnier.fr\/wp-content\/uploads\/2023\/11\/Secateur.svg\" alt=\"Picto vigneron\"\n                                   width=\"95\" height=\"95\" loading=\"lazy\"><\/span>\n            <span class=\"number\">150<\/span>\n            <span class=\"label\">vignerons<\/span>\n            <span class=\"description\"><\/span>\n        <\/div>\n                            <div class=\"item\">\n            <span class=\"img\"><img decoding=\"async\" src=\"https:\/\/moutoncadet.clairemugnier.fr\/wp-content\/uploads\/2023\/11\/Grappe.svg\" alt=\"Picto vigne\"\n                                   width=\"95\" height=\"95\" loading=\"lazy\"><\/span>\n            <span class=\"number\">1500 Ha<\/span>\n            <span class=\"label\">de vignes<\/span>\n            <span class=\"description\"><\/span>\n        <\/div>\n                            <div class=\"item\">\n            <span class=\"img\"><img decoding=\"async\" src=\"https:\/\/moutoncadet.clairemugnier.fr\/wp-content\/uploads\/2023\/11\/Verre-vin.svg\" alt=\"Picto Collection\"\n                                   width=\"95\" height=\"95\" loading=\"lazy\"><\/span>\n            <span class=\"number\">4<\/span>\n            <span class=\"label\">collections<\/span>\n            <span class=\"description\">proposant 10 appellations du vignoble bordelais<\/span>\n        <\/div>\n                            <div class=\"item\">\n            <span class=\"img\"><img decoding=\"async\" src=\"https:\/\/moutoncadet.clairemugnier.fr\/wp-content\/uploads\/2023\/11\/Pictos.svg\" alt=\"Picto Pays\"\n                                   width=\"95\" height=\"95\" loading=\"lazy\"><\/span>\n            <span class=\"number\">100<\/span>\n            <span class=\"label\">pays<\/span>\n            <span class=\"description\"><\/span>\n        <\/div>\n        <\/div>\n<\/div>\n\n<div class=\"gutenberg-text-img left  classic\" id=\"\">\n            <div class=\"images\">\n            <div class=\"sticky-contents\">\n            <div class=\"swiper swiper-text-img\" data-swiper='{ \"loop\":true,\"autoplay\":{\"delay\":2000}, \"speed\":800}'>\n                <!-- ,\"autoplay\":{\"delay\":2000}, \"speed\":800 -->\n                <div class=\"swiper-wrapper\">\n                                            <div class=\"swiper-slide\">\n                            <div class=\"content\">\n                                <picture>\n                                    <source class=\"bg\" srcset=\"https:\/\/moutoncadet.clairemugnier.fr\/wp-content\/uploads\/2024\/01\/Florence_Patrick-1-e1705341171231-1.jpg\" alt=\"\" width=\"1181\" height=\"1181\" media=\"(min-width: 768px)\" >\n                                    <img decoding=\"async\" class=\"bg\" src=\"https:\/\/moutoncadet.clairemugnier.fr\/wp-content\/uploads\/2024\/01\/Florence_Patrick-1-e1705341171231-1-750x750.jpg\" alt=\"\" width=\"375\" height=\"375\" loading=\"lazy\"\/>\n                                <\/picture>\n                                                                    <\/picture>\n                                                            <\/div>\n                        <\/div>\n                                    <\/div>\n                <div class=\"swiper-pagination\"><\/div>\n            <\/div>\n            <\/div>\n        <\/div>\n    \n            <div class=\"texts\">\n            <div class=\"swiper swiper-text-img \" >\n                <div class=\"swiper-wrapper\">\n                                                                                                                                        <div class=\"swiper-slide\">\n                            <h2>Tradition & innovation<\/h2>\n                                                        <p>\u00c0 la faveur d\u2019innovations techniques et technologiques, Mouton Cadet ne cesse d\u2019\u00e9voluer, de se remettre en question et d\u2019avancer. Ce vin de Bordeaux est une \u0153uvre collective des savoir-faire, de la s\u00e9lection des parcelles jusqu\u2019\u00e0 la recherche stylistique.<br \/>\nAujourd\u2019hui, plus que jamais, l\u2019innovation doit avoir un sens. Pour Mouton Cadet, ce sens s\u2019inscrit dans sa volont\u00e9 de participer \u00e0 r\u00e9soudre des probl\u00e8mes environnementaux, sociaux et soci\u00e9taux.<\/p>\n                                                            <a class=\"cta\" href=\"https:\/\/moutoncadet.clairemugnier.fr\/fr\/nos-engagements\/\">D\u00e9couvrez nos engagements<\/a>\n                                                    <\/div>\n                                    <\/div>\n\n                <!-- If we need navigation buttons -->\n                <div class=\"swiper-navigation\">\n                    <div class=\"swiper-button-prev\"><\/div>\n                    <div class=\"swiper-pagination\"><\/div>\n                    <div class=\"swiper-button-next\"><\/div>\n                <\/div>\n            <\/div>\n        <\/div>\n    <\/div>","protected":false},"excerpt":{"rendered":"","protected":false},"author":1,"featured_media":0,"parent":0,"menu_order":0,"comment_status":"closed","ping_status":"closed","template":"","meta":{"footnotes":""},"class_list":["post-190","page","type-page","status-publish","hentry"],"acf":[],"yoast_head":"<!-- This site is optimized with the Yoast SEO plugin v21.8.1 - https:\/\/yoast.com\/wordpress\/plugins\/seo\/ -->\n<title>Mouton Cadet<\/title>\n<meta name=\"robots\" content=\"noindex, follow, max-snippet:-1, max-image-preview:large, max-video-preview:-1\" \/>\n<meta property=\"og:locale\" content=\"fr_FR\" \/>\n<meta property=\"og:type\" content=\"article\" \/>\n<meta property=\"og:title\" content=\"Notre histoire - Mouton Cadet\" \/>\n<meta property=\"og:description\" content=\"Depuis 1930, La famille Rothschild fa\u00e7onne l\u2019histoire de Mouton Cadet avec les m\u00eames exigences : audace, cr\u00e9ativit\u00e9 et qualit\u00e9. Les g\u00e9n\u00e9rations se succ\u00e8dent, l\u2019enthousiasme perdure.\" \/>\n<meta property=\"og:url\" content=\"https:\/\/moutoncadet.clairemugnier.fr\/fr\/notre-histoire\/\" \/>\n<meta property=\"og:site_name\" content=\"Mouton Cadet\" \/>\n<meta property=\"article:publisher\" content=\"https:\/\/www.facebook.com\/MoutonCadet\" \/>\n<meta property=\"article:modified_time\" content=\"2024-03-07T08:56:54+00:00\" \/>\n<meta name=\"twitter:card\" content=\"summary_large_image\" \/>\n<!-- \/ Yoast SEO plugin. -->","yoast_head_json":{"title":"Mouton Cadet","robots":{"index":"noindex","follow":"follow","max-snippet":"max-snippet:-1","max-image-preview":"max-image-preview:large","max-video-preview":"max-video-preview:-1"},"og_locale":"fr_FR","og_type":"article","og_title":"Notre histoire - Mouton Cadet","og_description":"Depuis 1930, La famille Rothschild fa\u00e7onne l\u2019histoire de Mouton Cadet avec les m\u00eames exigences : audace, cr\u00e9ativit\u00e9 et qualit\u00e9. Les g\u00e9n\u00e9rations se succ\u00e8dent, l\u2019enthousiasme perdure.","og_url":"https:\/\/moutoncadet.clairemugnier.fr\/fr\/notre-histoire\/","og_site_name":"Mouton Cadet","article_publisher":"https:\/\/www.facebook.com\/MoutonCadet","article_modified_time":"2024-03-07T08:56:54+00:00","twitter_card":"summary_large_image","schema":{"@context":"https:\/\/schema.org","@graph":[{"@type":"WebPage","@id":"https:\/\/moutoncadet.clairemugnier.fr\/fr\/notre-histoire\/","url":"https:\/\/moutoncadet.clairemugnier.fr\/fr\/notre-histoire\/","name":"Notre histoire - Mouton Cadet","isPartOf":{"@id":"https:\/\/moutoncadet.clairemugnier.fr\/fr\/#website"},"datePublished":"2023-11-06T15:50:24+00:00","dateModified":"2024-03-07T08:56:54+00:00","description":"Depuis 1930, La famille Rothschild fa\u00e7onne l\u2019histoire de Mouton Cadet avec les m\u00eames exigences : audace, cr\u00e9ativit\u00e9 et qualit\u00e9. Les g\u00e9n\u00e9rations se succ\u00e8dent, l\u2019enthousiasme perdure.","breadcrumb":{"@id":"https:\/\/moutoncadet.clairemugnier.fr\/fr\/notre-histoire\/#breadcrumb"},"inLanguage":"fr-FR","potentialAction":[{"@type":"ReadAction","target":["https:\/\/moutoncadet.clairemugnier.fr\/fr\/notre-histoire\/"]}]},{"@type":"BreadcrumbList","@id":"https:\/\/moutoncadet.clairemugnier.fr\/fr\/notre-histoire\/#breadcrumb","itemListElement":[{"@type":"ListItem","position":1,"name":"Home","item":"https:\/\/moutoncadet.clairemugnier.fr\/fr\/"},{"@type":"ListItem","position":2,"name":"Notre histoire"}]},{"@type":"WebSite","@id":"https:\/\/moutoncadet.clairemugnier.fr\/fr\/#website","url":"https:\/\/moutoncadet.clairemugnier.fr\/fr\/","name":"Mouton Cadet","description":"","publisher":{"@id":"https:\/\/moutoncadet.clairemugnier.fr\/fr\/#organization"},"potentialAction":[{"@type":"SearchAction","target":{"@type":"EntryPoint","urlTemplate":"https:\/\/moutoncadet.clairemugnier.fr\/fr\/?s={search_term_string}"},"query-input":"required name=search_term_string"}],"inLanguage":"fr-FR"},{"@type":"Organization","@id":"https:\/\/moutoncadet.clairemugnier.fr\/fr\/#organization","name":"Mouton Cadet","url":"https:\/\/moutoncadet.clairemugnier.fr\/fr\/","logo":{"@type":"ImageObject","inLanguage":"fr-FR","@id":"https:\/\/moutoncadet.clairemugnier.fr\/fr\/#\/schema\/logo\/image\/","url":"https:\/\/www-preprod2022-moutoncadet-new.systonic.com\/wp-content\/uploads\/2024\/01\/logo-mouton-cadet.svg","contentUrl":"https:\/\/www-preprod2022-moutoncadet-new.systonic.com\/wp-content\/uploads\/2024\/01\/logo-mouton-cadet.svg","width":1,"height":1,"caption":"Mouton Cadet"},"image":{"@id":"https:\/\/moutoncadet.clairemugnier.fr\/fr\/#\/schema\/logo\/image\/"},"sameAs":["https:\/\/www.facebook.com\/MoutonCadet","https:\/\/www.instagram.com\/moutoncadet_official"]}]}},"_links":{"self":[{"href":"https:\/\/moutoncadet.clairemugnier.fr\/fr\/wp-json\/wp\/v2\/pages\/190","targetHints":{"allow":["GET"]}}],"collection":[{"href":"https:\/\/moutoncadet.clairemugnier.fr\/fr\/wp-json\/wp\/v2\/pages"}],"about":[{"href":"https:\/\/moutoncadet.clairemugnier.fr\/fr\/wp-json\/wp\/v2\/types\/page"}],"author":[{"embeddable":true,"href":"https:\/\/moutoncadet.clairemugnier.fr\/fr\/wp-json\/wp\/v2\/users\/1"}],"replies":[{"embeddable":true,"href":"https:\/\/moutoncadet.clairemugnier.fr\/fr\/wp-json\/wp\/v2\/comments?post=190"}],"version-history":[{"count":62,"href":"https:\/\/moutoncadet.clairemugnier.fr\/fr\/wp-json\/wp\/v2\/pages\/190\/revisions"}],"predecessor-version":[{"id":3872,"href":"https:\/\/moutoncadet.clairemugnier.fr\/fr\/wp-json\/wp\/v2\/pages\/190\/revisions\/3872"}],"wp:attachment":[{"href":"https:\/\/moutoncadet.clairemugnier.fr\/fr\/wp-json\/wp\/v2\/media?parent=190"}],"curies":[{"name":"wp","href":"https:\/\/api.w.org\/{rel}","templated":true}]}}