{"id":1279,"date":"2023-11-06T09:41:26","date_gmt":"2023-11-06T08:41:26","guid":{"rendered":"https:\/\/moutoncadet.clairemugnier.fr\/faq\/"},"modified":"2024-02-01T15:11:48","modified_gmt":"2024-02-01T14:11:48","slug":"faq","status":"publish","type":"page","link":"https:\/\/moutoncadet.clairemugnier.fr\/zh-hans\/faq\/","title":{"rendered":"\u5e38\u89c1\u95ee\u9898"},"content":{"rendered":"    <link rel=\"preload\" href=\"https:\/\/moutoncadet.clairemugnier.fr\/wp-content\/themes\/moutoncadet\/assets\/img\/volute-hero-title-mobile-complete.svg\" as=\"image\" fetchpriority=\"high\">\n    <link rel=\"preload\" href=\"https:\/\/moutoncadet.clairemugnier.fr\/wp-content\/themes\/moutoncadet\/assets\/img\/volute-hero.svg\" as=\"image\" fetchpriority=\"high\">\n    <div class=\"gutenberg-hero-title  black\" id=\"gutenberg-hero-title\">\n\n    \n    <h1>\u5e38\u89c1\u95ee\u9898<\/h1>\n\n\n\n            <p>\u6240\u6709\u95ee\u9898\u90fd\u80fd\u627e\u5230\u7b54\u6848\u3002<\/p>\n        \n    <\/div>\n\n<div class=\"gutenberg-faq\">\n\n<div class=\"content\">\n                            <div class=\"item\">\n            <div class=\"question\">\u6728\u6850\u5609\u68e3\u7cfb\u5217\u4e2d\uff0c\u54ea\u6b3e\u8461\u8404\u9152\u6700\u597d\uff1f <span class=\"arrow-round reverse\"><\/span> <\/div>\n            <div class=\"reponse\"><p>\u6728\u6850\u5609\u68e3\u63a8\u51fa\u4e86\u6570\u4e2a\u4ea7\u81ea\u6ce2\u5c14\u591a\u7684\u7ea2\u8461\u8404\u9152\u3001\u767d\u8461\u8404\u9152\u4ee5\u53ca\u6843\u7ea2\u8461\u8404\u9152\u3002\u6bcf\u79cd\u8461\u8404\u9152\u53e3\u5473\u5747\u4e0d\u76f8\u540c\uff0c\u6211\u4eec\u5efa\u8bae\u60a8\u4f7f\u7528\u641c\u7d22\u5de5\u5177\uff1aURL COLLECTION\u6765\u5bfb\u627e\u6700\u9002\u5408\u60a8\u7684\u6728\u6850\u5609\u68e3\u3002<\/p>\n<\/div>\n        <\/div>\n                            <div class=\"item\">\n            <div class=\"question\">\u6728\u6850\u5609\u68e3\u8461\u8404\u9152\u53ef\u5b58\u653e\u591a\u4e45\uff1f <span class=\"arrow-round reverse\"><\/span> <\/div>\n            <div class=\"reponse\"><p>\u4fdd\u5b58\u6728\u6850\u5609\u68e3\u8461\u8404\u9152\u65f6\uff0c\u6211\u4eec\u5efa\u8bae\u60a8\u5c06\u9152\u74f6\u6c34\u5e73\u653e\u7f6e\uff0c\u907f\u5149\uff0c\u6e29\u5ea6\u4fdd\u6301\u572810\u00b0C\u81f315\u00b0C\uff0c\u76f8\u5bf9\u6e7f\u5ea6\u4fdd\u6301\u572870\u81f380%\u3002\u5728\u8fd9\u4e9b\u6761\u4ef6\u4e0b\uff0c\u7ea2\u8461\u8404\u9152\u53ef\u5b58\u653e\u7684\u671f\u9650\u5982\u4e0b\uff1a<br \/>\n&#8211; \u6709\u673a\u7ea2\u8461\u8404\u91523\u5e74<br \/>\n&#8211; \u672a\u7ecf\u8fc7\u6a61\u6728\u719f\u5316\u7684\u7ea2\u8461\u8404\u91525\u81f37\u5e74<br \/>\n&#8211; \u6a61\u6728\u719f\u5316\u7684\u7ea2\u8461\u8404\u91527\u81f310\u5e74<br \/>\n\u6211\u4eec\u5efa\u8bae\u60a8\u5728\u8d2d\u4e70\u5f53\u5e74\u996e\u7528\u767d\u8461\u8404\u9152\u548c\u6843\u7ea2\u8461\u8404\u9152\uff0c\u4ee5\u5c3d\u4eab\u5176\u65b0\u9c9c\u53e3\u611f\u3002<\/p>\n<\/div>\n        <\/div>\n                            <div class=\"item\">\n            <div class=\"question\">\u6728\u6850\u5609\u68e3\u53ef\u642d\u914d\u54ea\u9053\u83dc\uff1f <span class=\"arrow-round reverse\"><\/span> <\/div>\n            <div class=\"reponse\"><p>\u524d\u5f80\u9910\u9152\u642d\u914d\u4e13\u680f\uff08URL\u94fe\u63a5\uff09\u5bfb\u627e\u60a8\u7684\u5b8c\u7f8e\u642d\u914d\u3002<\/p>\n<\/div>\n        <\/div>\n                            <div class=\"item\">\n            <div class=\"question\">\u6728\u6850\u5609\u68e3\u8461\u8404\u9152\u7684\u4f8d\u9152\u6e29\u5ea6\u662f\u591a\u5c11\uff1f <span class=\"arrow-round reverse\"><\/span> <\/div>\n            <div class=\"reponse\"><p>\u7ea2\u8461\u8404\u9152\u7684\u7406\u60f3\u4f8d\u9152\u6e29\u5ea6\u4e3a15\u81f317\u2103\uff0c\u767d\u8461\u8404\u9152\u548c\u6843\u7ea2\u4e3a8\u81f311\u2103\u3002\u5bf9\u4e8e\u6211\u4eec\u4ea7\u54c1\u4e2d\u7684\u67d0\u4e9b\u7ea2\u8461\u8404\u9152\uff0c\u6211\u4eec\u5efa\u8bae\u9002\u5f53\u51b0\u9547\u540e\u996e\u7528\u3002\u8be6\u60c5\u8bf7\u89c1\u6211\u4eec\u7684\u8461\u8404\u9152\u9152\u6b3e\u9875\u9762\u3002<\/p>\n<\/div>\n        <\/div>\n                            <div class=\"item\">\n            <div class=\"question\">\u5728\u54ea\u91cc\u53ef\u4ee5\u4e70\u5230\u6728\u6850\u5609\u68e3\uff1f <span class=\"arrow-round reverse\"><\/span> <\/div>\n            <div class=\"reponse\"><p>\u60a8\u53ef\u4ee5\u5728\u8d85\u5e02\u3001\u8461\u8404\u9152\u5546\u5e97\u3001\u4e00\u4e9b\u5496\u5561\u9986\u3001\u9152\u5e97\u548c\u9910\u5385\u4ee5\u53ca\u7f51\u4e0a\u4e70\u5230\u6728\u6850\u5609\u68e3\u8461\u8404\u9152\u3002<\/p>\n<\/div>\n        <\/div>\n                            <div class=\"item\">\n            <div class=\"question\">\u60a8\u60f3\u4e86\u89e3\u5173\u4e8e\u6728\u6850\u5609\u68e3\u627f\u8bfa\u7684\u66f4\u591a\u4fe1\u606f\u4e48\uff1f <span class=\"arrow-round reverse\"><\/span> <\/div>\n            <div class=\"reponse\"><p>\u524d\u5f80\u201c\u6211\u4eec\u7684\u627f\u8bfa\u201d\u4e13\u680f\uff08URL\uff09\u4e86\u89e3\u66f4\u591a\u4fe1\u606f\u3002<\/p>\n<\/div>\n        <\/div>\n                            <div class=\"item\">\n            <div class=\"question\">\u4e3a\u4ec0\u4e48\u53eb\u201c\u6728\u6850\u5609\u68e3\uff08Mouton Cadet\uff09\u201d\uff1f <span class=\"arrow-round reverse\"><\/span> <\/div>\n            <div class=\"reponse\"><p>\u201cMouton\uff08\u6728\u6850\uff09\u201d\u6307\u7684\u662f\u4f4d\u4e8e\u6ce2\u4e9a\u514b\u7684\u5bb6\u65cf\u4ea7\u4e1a\uff0c\u201cCadet\uff08\u5609\u68e3\uff09\u201d\u662f\u83f2\u5229\u666e\u7537\u7235\u5728\u5176\u5bb6\u65cf\u5144\u5f1f\u59d0\u59b9\u4e2d\u7684\u6392\u884c\u3002<\/p>\n<\/div>\n        <\/div>\n                            <div class=\"item\">\n            <div class=\"question\">\u6728\u6850\u5609\u68e3\u7684\u98ce\u571f\u662f\u54ea\u91cc\uff1f <span class=\"arrow-round reverse\"><\/span> <\/div>\n            <div class=\"reponse\"><p>\u6728\u6850\u5609\u68e3\u662f\u6c47\u96c6\u4e86\u6ce2\u5c14\u591a\u5404\u98ce\u571f\u8461\u8404\u6df7\u917f\u800c\u6210\u7684\u4ea7\u7269\u3002<\/p>\n<\/div>\n        <\/div>\n                            <div class=\"item\">\n            <div class=\"question\">\u6728\u6850\u5609\u68e3\u8461\u8404\u9152\u7684\u8461\u8404\u54c1\u79cd\u6709\u54ea\u4e9b\uff1f <span class=\"arrow-round reverse\"><\/span> <\/div>\n            <div class=\"reponse\"><p>\u7ea2\u8461\u8404\u9152\u7684\u4e3b\u8981\u8461\u8404\u54c1\u79cd\u4e3a\u6885\u6d1b\u3001\u8d64\u971e\u73e0\u3001\u54c1\u4e3d\u73e0\u3002\u6bcf\u4e00\u79cd\u90fd\u4e3a\u8461\u8404\u9152\u5e26\u6765\u4e0d\u540c\u7684\u7279\u70b9\uff1a<br \/>\n\u2022 \u6885\u6d1b\uff1a\u9152\u4f53\uff0c<br \/>\n\u2022 \u8d64\u971e\u73e0\uff1a\u4f18\u96c5<br \/>\n\u2022 \u54c1\u4e3d\u73e0\uff1a\u5355\u5b81\u7ed3\u6784\uff0c<br \/>\n\u5bf9\u4e8e\u767d\u8461\u8404\u9152\uff0c\u6700\u5177\u6709\u4ee3\u8868\u6027\u7684\u8461\u8404\u54c1\u79cd\u662f\u957f\u76f8\u601d\u548c\u8d5b\u7f8e\u84c9\u3002\u957f\u76f8\u601d\u4e3a\u8461\u8404\u9152\u5e26\u6765\u6e05\u65b0\u53e3\u611f\uff0c\u8d5b\u7f8e\u84c9\u5219\u4e3a\u5176\u5e26\u6765\u5706\u6da6\u53e3\u611f\u3002<\/p>\n<\/div>\n        <\/div>\n                            <div class=\"item\">\n            <div class=\"question\">\u8c01\u5728\u6728\u6850\u5609\u68e3\u917f\u9020\u4e86\u8461\u8404\u9152\uff1f <span class=\"arrow-round reverse\"><\/span> <\/div>\n            <div class=\"reponse\"><p>\u6728\u6850\u5609\u68e3\u8461\u8404\u9152\u662f\u8be5\u516c\u53f8\u4e0e\u62e5\u67091500\u591a\u4ea9\u571f\u5730\u7684200\u540d\u9152\u519c\u5bc6\u5207\u5408\u4f5c\u7684\u6210\u679c\u3002\u53e6\u5916\uff0c\u8fd8\u6709\u4e00\u652f\u75317\u540d\u917f\u9152\u5e08\u7ec4\u6210\u7684\u56e2\u961f\u4e0e\u4ed6\u4eec\u4e00\u8d77\u8fdb\u884c\u65e5\u5e38\u5de5\u4f5c\uff0c\u4ece\u4fee\u526a\u8461\u8404\u85e4\u5230\u917f\u9152\u3002\u524d\u5f80\u201c\u6211\u4eec\u7684\u9152\u519c\uff08URL\uff09\u201d\u4e13\u680f\u4e86\u89e3\u66f4\u591a\u4fe1\u606f\u3002<\/p>\n<\/div>\n        <\/div>\n                            <div class=\"item\">\n            <div class=\"question\">\u6211\u60f3\u5728\u5176\u4ed6\u56fd\u5bb6\u7ecf\u9500\u6728\u6850\u5609\u68e3\u8461\u8404\u9152\u3002\u6211\u5e94\u8be5\u8054\u7cfb\u8c01\u5462\uff1f <span class=\"arrow-round reverse\"><\/span> <\/div>\n            <div class=\"reponse\"><p>\u8bf7\u5c06\u60a8\u7684\u7533\u8bf7\u53d1\u9001\u7ed9\u201c\u8054\u7cfb\u4eba\u201d&gt;\u201c\u5546\u52a1\u54a8\u8be2\u201d\u4e13\u680f\u91cc\u9762\u7684\u8054\u7cfb\u4eba\u3002\u6211\u4eec\u4f1a\u5c3d\u5feb\u7ed9\u60a8\u56de\u590d\u3002<\/p>\n<\/div>\n        <\/div>\n                            <div class=\"item\">\n            <div class=\"question\">\u6211\u5982\u4f55\u7533\u8bf7\u52a0\u5165\u6728\u6850\u5609\u68e3\u56e2\u961f\uff1f <span class=\"arrow-round reverse\"><\/span> <\/div>\n            <div class=\"reponse\"><p>\u8bf7\u524d\u5f80\u4ee5\u4e0b\u7f51\u5740\uff1ahttps:\/\/talent.bpdr.com\/\u3002\u60a8\u53ef\u4ee5\u5728\u8fd9\u4e2a\u7f51\u7ad9\u4e0a\u9762\u627e\u5230\u6211\u4eec\u6240\u6709\u7684\u62db\u8058\u4ee5\u53ca\u53ef\u80fd\u7684\u81ea\u4e3b\u7533\u8bf7\u76f8\u5173\u4fe1\u606f\u3002<\/p>\n<\/div>\n        <\/div>\n        <\/div>\n<\/div>\n\n<script>\n    document.addEventListener(\"DOMContentLoaded\", function() {\n        \/\/ S\u00e9lectionnez tous les \u00e9l\u00e9ments de la classe \"question\"\n        var questions = document.querySelectorAll(\".question\");\n\n        \/\/ Parcourez chaque question et ajoutez un gestionnaire d'\u00e9v\u00e9nements\n        questions.forEach(function(question) {\n            question.addEventListener(\"click\", function() {\n                \/\/ S\u00e9lectionnez la r\u00e9ponse associ\u00e9e \u00e0 la question cliqu\u00e9e\n                var answer = question.nextElementSibling;\n\n                \/\/ Basculez la classe \"active\" pour appliquer l'effet d'apparition\/disparition\n                answer.classList.toggle(\"active\");\n                this.classList.toggle(\"active\");\n            });\n        });\n    });\n<\/script>","protected":false},"excerpt":{"rendered":"","protected":false},"author":1,"featured_media":0,"parent":0,"menu_order":0,"comment_status":"closed","ping_status":"closed","template":"","meta":{"footnotes":""},"class_list":["post-1279","page","type-page","status-publish","hentry"],"acf":[],"yoast_head":"<!-- This site is optimized with the Yoast SEO plugin v21.8.1 - https:\/\/yoast.com\/wordpress\/plugins\/seo\/ -->\n<title>Mouton Cadet<\/title>\n<meta name=\"robots\" content=\"noindex, follow, max-snippet:-1, max-image-preview:large, max-video-preview:-1\" \/>\n<meta property=\"og:locale\" content=\"zh_CN\" \/>\n<meta property=\"og:type\" content=\"article\" \/>\n<meta property=\"og:title\" content=\"\u5e38\u89c1\u95ee\u9898 - Mouton Cadet\" \/>\n<meta property=\"og:url\" content=\"https:\/\/moutoncadet.clairemugnier.fr\/zh-hans\/faq\/\" \/>\n<meta property=\"og:site_name\" content=\"Mouton Cadet\" \/>\n<meta property=\"article:publisher\" content=\"https:\/\/www.facebook.com\/MoutonCadet\" \/>\n<meta property=\"article:modified_time\" content=\"2024-02-01T14:11:48+00:00\" \/>\n<meta name=\"twitter:card\" content=\"summary_large_image\" \/>\n<!-- \/ Yoast SEO plugin. -->","yoast_head_json":{"title":"Mouton Cadet","robots":{"index":"noindex","follow":"follow","max-snippet":"max-snippet:-1","max-image-preview":"max-image-preview:large","max-video-preview":"max-video-preview:-1"},"og_locale":"zh_CN","og_type":"article","og_title":"\u5e38\u89c1\u95ee\u9898 - Mouton Cadet","og_url":"https:\/\/moutoncadet.clairemugnier.fr\/zh-hans\/faq\/","og_site_name":"Mouton Cadet","article_publisher":"https:\/\/www.facebook.com\/MoutonCadet","article_modified_time":"2024-02-01T14:11:48+00:00","twitter_card":"summary_large_image","schema":{"@context":"https:\/\/schema.org","@graph":[{"@type":"WebPage","@id":"https:\/\/moutoncadet.clairemugnier.fr\/zh-hans\/faq\/","url":"https:\/\/moutoncadet.clairemugnier.fr\/zh-hans\/faq\/","name":"\u5e38\u89c1\u95ee\u9898 - Mouton Cadet","isPartOf":{"@id":"https:\/\/moutoncadet.clairemugnier.fr\/zh-hans\/#website"},"datePublished":"2023-11-06T08:41:26+00:00","dateModified":"2024-02-01T14:11:48+00:00","breadcrumb":{"@id":"https:\/\/moutoncadet.clairemugnier.fr\/zh-hans\/faq\/#breadcrumb"},"inLanguage":"zh-Hans","potentialAction":[{"@type":"ReadAction","target":["https:\/\/moutoncadet.clairemugnier.fr\/zh-hans\/faq\/"]}]},{"@type":"BreadcrumbList","@id":"https:\/\/moutoncadet.clairemugnier.fr\/zh-hans\/faq\/#breadcrumb","itemListElement":[{"@type":"ListItem","position":1,"name":"Home","item":"https:\/\/moutoncadet.clairemugnier.fr\/zh-hans\/"},{"@type":"ListItem","position":2,"name":"\u5e38\u89c1\u95ee\u9898"}]},{"@type":"WebSite","@id":"https:\/\/moutoncadet.clairemugnier.fr\/zh-hans\/#website","url":"https:\/\/moutoncadet.clairemugnier.fr\/zh-hans\/","name":"Mouton Cadet","description":"","publisher":{"@id":"https:\/\/moutoncadet.clairemugnier.fr\/zh-hans\/#organization"},"potentialAction":[{"@type":"SearchAction","target":{"@type":"EntryPoint","urlTemplate":"https:\/\/moutoncadet.clairemugnier.fr\/zh-hans\/?s={search_term_string}"},"query-input":"required name=search_term_string"}],"inLanguage":"zh-Hans"},{"@type":"Organization","@id":"https:\/\/moutoncadet.clairemugnier.fr\/zh-hans\/#organization","name":"Mouton Cadet","url":"https:\/\/moutoncadet.clairemugnier.fr\/zh-hans\/","logo":{"@type":"ImageObject","inLanguage":"zh-Hans","@id":"https:\/\/moutoncadet.clairemugnier.fr\/zh-hans\/#\/schema\/logo\/image\/","url":"https:\/\/www-preprod2022-moutoncadet-new.systonic.com\/wp-content\/uploads\/2024\/01\/logo-mouton-cadet.svg","contentUrl":"https:\/\/www-preprod2022-moutoncadet-new.systonic.com\/wp-content\/uploads\/2024\/01\/logo-mouton-cadet.svg","width":1,"height":1,"caption":"Mouton Cadet"},"image":{"@id":"https:\/\/moutoncadet.clairemugnier.fr\/zh-hans\/#\/schema\/logo\/image\/"},"sameAs":["https:\/\/www.facebook.com\/MoutonCadet","https:\/\/www.instagram.com\/moutoncadet_official"]}]}},"_links":{"self":[{"href":"https:\/\/moutoncadet.clairemugnier.fr\/zh-hans\/wp-json\/wp\/v2\/pages\/1279","targetHints":{"allow":["GET"]}}],"collection":[{"href":"https:\/\/moutoncadet.clairemugnier.fr\/zh-hans\/wp-json\/wp\/v2\/pages"}],"about":[{"href":"https:\/\/moutoncadet.clairemugnier.fr\/zh-hans\/wp-json\/wp\/v2\/types\/page"}],"author":[{"embeddable":true,"href":"https:\/\/moutoncadet.clairemugnier.fr\/zh-hans\/wp-json\/wp\/v2\/users\/1"}],"replies":[{"embeddable":true,"href":"https:\/\/moutoncadet.clairemugnier.fr\/zh-hans\/wp-json\/wp\/v2\/comments?post=1279"}],"version-history":[{"count":6,"href":"https:\/\/moutoncadet.clairemugnier.fr\/zh-hans\/wp-json\/wp\/v2\/pages\/1279\/revisions"}],"predecessor-version":[{"id":3186,"href":"https:\/\/moutoncadet.clairemugnier.fr\/zh-hans\/wp-json\/wp\/v2\/pages\/1279\/revisions\/3186"}],"wp:attachment":[{"href":"https:\/\/moutoncadet.clairemugnier.fr\/zh-hans\/wp-json\/wp\/v2\/media?parent=1279"}],"curies":[{"name":"wp","href":"https:\/\/api.w.org\/{rel}","templated":true}]}}